{"id":77,"date":"2023-04-21T20:39:43","date_gmt":"2023-04-21T20:39:43","guid":{"rendered":"https:\/\/lashclubla.com\/?page_id=77"},"modified":"2024-03-25T03:36:14","modified_gmt":"2024-03-25T03:36:14","slug":"our-policy","status":"publish","type":"page","link":"https:\/\/lashclubla.com\/es\/our-policy\/","title":{"rendered":"Nuestra pol\u00edtica"},"content":{"rendered":"<div style=\"height:60px\" aria-hidden=\"true\" class=\"wp-block-spacer\"><\/div>\n\n\n\n<div class=\"wp-block-coblocks-features coblocks-features-31812414469\"><div class=\"wp-block-coblocks-features__inner has-columns has-2-columns has-responsive-columns has-padding has-small-padding has-margin has-small-margin has-center-content has-large-gutter\">\n<div class=\"wp-block-coblocks-feature coblocks-feature-31812414543\"><div class=\"wp-block-coblocks-feature__inner has-no-padding\"><div class=\"wp-block-coblocks-icon\">\n\t\t\t\t<div class=\"wp-block-coblocks-icon__inner has-palette-color-8-background-color has-background\" style=\"height: 60px; padding: 10px; width: 60px;\">\n\t\t\t\t\t<svg fill=\"none\" viewbox=\"0 0 20 20\" xmlns=\"http:\/\/www.w3.org\/2000\/svg\"><path d=\"m14.5 0c-1.74 0-3.41.88283379-4.5 2.27792916-1.09-1.39509537-2.76-2.27792916-4.5-2.27792916-3.08 0-5.5 2.63760218-5.5 5.99455041 0 4.11989099 3.4 7.47683919 8.55 12.57765669l1.45 1.4277929 1.45-1.4386921c5.15-5.0899183 8.55-8.4468665 8.55-12.56675749 0-3.35694823-2.42-5.99455041-5.5-5.99455041zm-4.4 16.9482289-.1.1089918-.1-.1089918c-4.76-4.6975477-7.9-7.80381473-7.9-10.95367849 0-2.17983651 1.5-3.8147139 3.5-3.8147139 1.54 0 3.04 1.07901908 3.57 2.57220709h1.87c.52-1.49318801 2.02-2.57220709 3.56-2.57220709 2 0 3.5 1.63487739 3.5 3.8147139 0 3.14986376-3.14 6.25613079-7.9 10.95367849z\" fill=\"currentColor\" \/><\/svg>\n\t\t\t\t<\/div>\n\t\t\t<\/div>\n\n\n<h4 class=\"wp-block-heading has-text-color has-link-color has-oswald-font-family has-custom-font wp-elements-4c134cca237bb3097a9bd3fd97358e81\" style=\"color:#333333;font-family:Oswald\">Lash Club LA Garant\u00eda<\/h4>\n\n\n\n<p class=\"has-oswald-font-family has-custom-font has-custom-weight\" style=\"text-transform:none;font-family:Oswald;font-weight:normal\">Garantizamos nuestros servicios. En caso de que no est\u00e9 satisfecho con el servicio prestado, comun\u00edquese con nosotros de inmediato para que podamos solucionar el problema.<\/p>\n<\/div><\/div>\n\n\n\n<div class=\"wp-block-coblocks-feature coblocks-feature-41210223284\"><div class=\"wp-block-coblocks-feature__inner has-no-padding\"><div class=\"wp-block-coblocks-icon\">\n\t\t\t\t<div class=\"wp-block-coblocks-icon__inner has-palette-color-8-background-color has-background\" style=\"height: 60px; padding: 10px; width: 60px;\">\n\t\t\t\t\t<svg fill=\"none\" viewbox=\"0 0 24 24\" xmlns=\"http:\/\/www.w3.org\/2000\/svg\"><path d=\"m22 4h-1v-2h-2v2h-14v-2h-2v2h-1c-1.1 0-2 .9-2 2v16c0 1.1.9 2 2 2h20c1.1 0 2-.9 2-2v-16c0-1.1-.9-2-2-2zm0 18h-20v-11h20zm0-13h-20v-3h20zm-18 4h4v4h-4z\" fill=\"currentColor\" \/><\/svg>\n\t\t\t\t<\/div>\n\t\t\t<\/div>\n\n\n<h4 class=\"wp-block-heading has-text-color has-link-color has-oswald-font-family has-custom-font wp-elements-e92144c860df233358029a7c9a60413b\" style=\"color:#333333;font-family:Oswald\">Pol\u00edtica de cancelaci\u00f3n<\/h4>\n\n\n\n<p class=\"has-oswald-font-family has-custom-font has-custom-weight\" style=\"text-transform:none;font-family:Oswald;font-weight:normal\">Si no puede asistir a su cita programada, inf\u00f3rmenos con al menos 24 horas de anticipaci\u00f3n. Las cancelaciones tard\u00edas y las no presentaciones tendr\u00e1n un cargo del 50% del precio del servicio.&nbsp;<\/p>\n<\/div><\/div>\n<\/div><\/div>\n\n\n\n<div style=\"height:25px\" aria-hidden=\"true\" class=\"wp-block-spacer\"><\/div>\n\n\n\n<div class=\"wp-block-coblocks-features coblocks-features-318125144766\"><div class=\"wp-block-coblocks-features__inner has-columns has-2-columns has-responsive-columns has-center-content has-large-gutter\">\n<div class=\"wp-block-coblocks-feature coblocks-feature-318125144867\"><div class=\"wp-block-coblocks-feature__inner has-no-padding\"><div class=\"wp-block-coblocks-icon\">\n\t\t\t\t<div class=\"wp-block-coblocks-icon__inner\" style=\"height: 59px; width: 59px;\">\n\t\t\t\t\t<svg fill=\"none\" viewbox=\"1 0.05 20 20\" xmlns=\"http:\/\/www.w3.org\/2000\/svg\"><path d=\"m.99267578 6.72328559v6.66666671h4.44444445l5.55555557 5.5555555v-17.77777777l-5.55555557 5.55555556zm7.77777778-.18888889v7.0444444l-2.41111111-2.4111111h-3.14444445v-2.22222219h3.14444445zm7.22222224 3.5222222c0-1.96666664-1.1333334-3.65555553-2.7777778-4.47777775v8.94444445c1.6444444-.8111111 2.7777778-2.5 2.7777778-4.4666667zm-2.7777778-9.74444442v2.28888889c3.2111111.95555555 5.5555556 3.93333333 5.5555556 7.45555553s-2.3444445 6.5-5.5555556 7.4555556v2.2888889c4.4555556-1.0111111 7.7777778-4.9888889 7.7777778-9.7444445 0-4.75555553-3.3222222-8.73333331-7.7777778-9.74444442z\" fill=\"currentColor\" \/><\/svg>\n\t\t\t\t<\/div>\n\t\t\t<\/div>\n\n\n<h4 class=\"wp-block-heading has-text-align-center has-text-color has-link-color has-oswald-font-family has-custom-font wp-elements-1fa1397b72d91601a6aba18e11ab51e6\" style=\"color:#333333;text-transform:capitalize;font-family:Oswald\">antes de su cita<\/h4>\n\n\n\n<p class=\"has-text-align-center is-style-default has-oswald-font-family has-custom-font has-custom-weight\" style=\"margin-top:0;margin-right:0;margin-bottom:0;margin-left:0;padding-top:0px;padding-right:0px;padding-bottom:0px;padding-left:0px;text-transform:none;font-family:Oswald;font-weight:normal\">Llegue a su cita a tiempo y listo para relajarse. Sin cafe\u00edna antes de su cita. Para las citas de pesta\u00f1as, venga con las pesta\u00f1as limpias y lavadas con champ\u00fa y sin maquillaje. No hay llamadas telef\u00f3nicas durante su cita. Limite las conversaciones y, lo siento, no se permiten invitados.<\/p>\n<\/div><\/div>\n\n\n\n<div class=\"wp-block-coblocks-feature coblocks-feature-321125229945\"><div class=\"wp-block-coblocks-feature__inner has-no-padding\"><div class=\"wp-block-coblocks-icon\">\n\t\t\t\t<div class=\"wp-block-coblocks-icon__inner has-palette-color-8-background-color has-background\" style=\"height: 60px; padding: 10px; width: 60px;\">\n\t\t\t\t\t<svg fill=\"none\" viewbox=\"0 0 24 24\" xmlns=\"http:\/\/www.w3.org\/2000\/svg\"><path clip-rule=\"evenodd\" d=\"m5.87563 13 5.50317-5.48574-1.194-1.01418-4.24673 4.23322-1.43827-1.5881-1.24834.9572zm14.12437-7.49992h-7v1.49992h7zm0 5.99992h-10v1.5h10zm-13 5.5156h13v1.4843h-13z\" fill=\"currentColor\" fill-rule=\"evenodd\"\/><\/svg>\n\t\t\t\t<\/div>\n\t\t\t<\/div>\n\n\n<h4 class=\"wp-block-heading has-text-color has-link-color has-oswald-font-family has-custom-font wp-elements-72ae4e6b7a3bc17f367d7c3c68ffb14a\" style=\"color:#333333;font-family:Oswald\">Despu\u00e9s de su cita<\/h4>\n\n\n\n<p class=\"has-oswald-font-family has-custom-font has-custom-weight\" style=\"text-transform:none;font-family:Oswald;font-weight:normal\">Para calificar para nuestras pesta\u00f1as garantizadas, se debe seguir el cuidado posterior. No moje sus pesta\u00f1as durante las primeras 24 horas posteriores a la cita. Despu\u00e9s de eso, lava tus pesta\u00f1as todas las noches. P\u00e9inalos a diario, s\u00e9 cuidadoso y no toques ni tires de las extensiones de pesta\u00f1as. No use maquillaje de ojos a prueba de agua.&nbsp;<\/p>\n<\/div><\/div>\n<\/div><\/div>\n\n\n\n<div style=\"height:25px\" aria-hidden=\"true\" class=\"wp-block-spacer\"><\/div>\n\n\n\n<div class=\"wp-block-coblocks-features coblocks-features-412103936359\"><div class=\"wp-block-coblocks-features__inner has-columns has-2-columns has-responsive-columns has-center-content has-large-gutter\">\n<div class=\"wp-block-coblocks-feature coblocks-feature-412103936452\"><div class=\"wp-block-coblocks-feature__inner has-no-padding\"><div class=\"wp-block-coblocks-icon\">\n\t\t\t\t<div class=\"wp-block-coblocks-icon__inner\" style=\"height: 60px; width: 60px;\">\n\t\t\t\t\t<svg fill=\"none\" viewbox=\"0 0 20 20\" xmlns=\"http:\/\/www.w3.org\/2000\/svg\"><path d=\"m9.99 0c-5.52 0-9.99 4.48-9.99 10s4.47 10 9.99 10c5.53 0 10.01-4.48 10.01-10s-4.48-10-10.01-10zm.01 18c-4.42 0-8-3.58-8-8s3.58-8 8-8 8 3.58 8 8-3.58 8-8 8zm3.5-9c.83 0 1.5-.67 1.5-1.5s-.67-1.5-1.5-1.5-1.5.67-1.5 1.5.67 1.5 1.5 1.5zm-7 0c.83 0 1.5-.67 1.5-1.5s-.67-1.5-1.5-1.5-1.5.67-1.5 1.5.67 1.5 1.5 1.5zm3.5 6.5c2.33 0 4.31-1.46 5.11-3.5h-10.22c.8 2.04 2.78 3.5 5.11 3.5z\" fill=\"currentColor\" \/><\/svg>\n\t\t\t\t<\/div>\n\t\t\t<\/div>\n\n\n<h4 class=\"wp-block-heading has-text-color has-link-color has-oswald-font-family has-custom-font wp-elements-dab8d0c94daaeb1a8db07484cf0c439e\" style=\"color:#333333;font-family:Oswald\">afiliaci\u00f3n<\/h4>\n\n\n\n<p class=\"has-oswald-font-family has-custom-font has-custom-weight\" style=\"text-transform:none;font-family:Oswald;font-weight:normal;font-size:16px\">Ofrecemos una membres\u00eda especial para que nuestros Lash Lovers ahorren, con esta membres\u00eda reservar\u00e1 una cita bisemanal permanente y se le facturar\u00e1 mensualmente.&nbsp;<\/p>\n<\/div><\/div>\n\n\n\n<div class=\"wp-block-coblocks-feature coblocks-feature-412103936453\"><div class=\"wp-block-coblocks-feature__inner has-no-padding\"><div class=\"wp-block-coblocks-icon\">\n\t\t\t\t<div class=\"wp-block-coblocks-icon__inner has-palette-color-8-background-color has-background\" style=\"height: 60px; padding: 10px; width: 60px;\">\n\t\t\t\t\t<svg fill=\"none\" viewbox=\"0 0 24 24\" xmlns=\"http:\/\/www.w3.org\/2000\/svg\"><path d=\"m22 4h-1v-2h-2v2h-14v-2h-2v2h-1c-1.1 0-2 .9-2 2v16c0 1.1.9 2 2 2h20c1.1 0 2-.9 2-2v-16c0-1.1-.9-2-2-2zm0 18h-20v-11h20zm0-13h-20v-3h20zm-18 4h4v4h-4z\" fill=\"currentColor\" \/><\/svg>\n\t\t\t\t<\/div>\n\t\t\t<\/div>\n\n\n<h4 class=\"wp-block-heading has-text-color has-link-color has-oswald-font-family has-custom-font wp-elements-2c12aa21330f01c11fc32a5cabab5028\" style=\"color:#333333;font-family:Oswald\">Cambio de reserva<\/h4>\n\n\n\n<p class=\"has-palette-color-1-color has-text-color has-oswald-font-family has-custom-font has-custom-weight\" style=\"text-transform:none;font-family:Oswald;font-weight:normal\">Para mayor comodidad, reserve su pr\u00f3xima cita al finalizar el servicio. O reservar en l\u00ednea. Para calificar para un relleno, las pesta\u00f1as deben estar llenas en un 50-70%, generalmente dentro de 2-3 semanas.&nbsp;<\/p>\n<\/div><\/div>\n<\/div><\/div>\n\n\n\n<div style=\"height:25px\" aria-hidden=\"true\" class=\"wp-block-spacer\"><\/div>\n\n\n\n<div class=\"wp-block-coblocks-features coblocks-features-31813736545\"><div class=\"wp-block-coblocks-features__inner has-1-columns has-center-content has-no-gutter\">\n<div class=\"wp-block-coblocks-feature coblocks-feature-31813736643\"><div class=\"wp-block-coblocks-feature__inner has-no-padding\"><div class=\"wp-block-coblocks-icon is-style-outlined\">\n\t\t\t\t<div class=\"wp-block-coblocks-icon__inner has-palette-color-8-background-color has-background has-text-color has-palette-color-1-color\" style=\"height: 60px; padding: 5px; width: 60px;\">\n\t\t\t\t\t<svg fill=\"none\" viewbox=\"0 0 20 20\" xmlns=\"http:\/\/www.w3.org\/2000\/svg\"><path d=\"m10 0c-5.52 0-10 4.48-10 10s4.48 10 10 10 10-4.48 10-10-4.48-10-10-10zm-8 10c0-.61.08-1.21.21-1.78l4.78 4.78v1c0 1.1.9 2 2 2v1.93c-3.93-.5-6.99-3.86-6.99-7.93zm13.89 5.4c-.26-.81-1-1.4-1.9-1.4h-1v-3c0-.55-.45-1-1-1h-6v-2h2c.55 0 1-.45 1-1v-2h2c1.1 0 2-.9 2-2v-.41c2.93 1.18 5.01 4.06 5.01 7.41 0 2.08-.81 3.98-2.11 5.4z\" fill=\"currentColor\" \/><\/svg>\n\t\t\t\t<\/div>\n\t\t\t<\/div>\n\n\n<h4 class=\"wp-block-heading has-text-color has-link-color wp-elements-b1348238364609045cf774a0ea6f286d\" style=\"color:#333333\"> seguridad covid-19<\/h4>\n\n\n\n<p class=\"has-oswald-font-family has-custom-font has-custom-weight\" style=\"text-transform:none;font-family:Oswald;font-weight:normal;font-size:16px\">Seguimos todos los protocolos de seguridad COVID-19. Nuestras \u00e1reas de tratamiento se desinfectan entre todos los clientes. Requerimos que los hu\u00e9spedes usen una m\u00e1scara. Le pedimos que, si experimenta alg\u00fan s\u00edntoma, cancele su cita hasta que est\u00e9 bien.&nbsp;<\/p>\n<\/div><\/div>\n<\/div><\/div>\n\n\n\n<div style=\"height:60px\" aria-hidden=\"true\" class=\"wp-block-spacer\"><\/div>","protected":false},"excerpt":{"rendered":"","protected":false},"author":1,"featured_media":0,"parent":0,"menu_order":0,"comment_status":"closed","ping_status":"closed","template":"","meta":{"_coblocks_attr":"Yrsa,Fira Sans,Merriweather,Playfair Display,Ubuntu,Lora,Karla,Faustina,Oswald","_coblocks_dimensions":"","_coblocks_responsive_height":"","_coblocks_accordion_ie_support":"","_uag_custom_page_level_css":"","footnotes":""},"class_list":["post-77","page","type-page","status-publish","hentry"],"blocksy_meta":[],"yoast_head":"<!-- This site is optimized with the Yoast SEO plugin v27.5 - https:\/\/yoast.com\/product\/yoast-seo-wordpress\/ -->\n<title>Our Policy | Lash Club LA<\/title>\n<meta name=\"robots\" content=\"index, follow, max-snippet:-1, max-image-preview:large, max-video-preview:-1\" \/>\n<link rel=\"canonical\" href=\"https:\/\/lashclubla.com\/es\/our-policy\/\" \/>\n<meta property=\"og:locale\" content=\"es_MX\" \/>\n<meta property=\"og:type\" content=\"article\" \/>\n<meta property=\"og:title\" content=\"Our Policy | Lash Club LA\" \/>\n<meta property=\"og:url\" content=\"https:\/\/lashclubla.com\/es\/our-policy\/\" \/>\n<meta property=\"og:site_name\" content=\"Lash Club LA\" \/>\n<meta property=\"article:modified_time\" content=\"2024-03-25T03:36:14+00:00\" \/>\n<meta property=\"og:image\" content=\"https:\/\/lashclubla.com\/wp-content\/uploads\/2023\/05\/6-2.png\" \/>\n\t<meta property=\"og:image:width\" content=\"800\" \/>\n\t<meta property=\"og:image:height\" content=\"200\" \/>\n\t<meta property=\"og:image:type\" content=\"image\/png\" \/>\n<meta name=\"twitter:card\" content=\"summary_large_image\" \/>\n<meta name=\"twitter:label1\" content=\"Tiempo de lectura\" \/>\n\t<meta name=\"twitter:data1\" content=\"2 minutos\" \/>\n<script type=\"application\/ld+json\" class=\"yoast-schema-graph\">{\"@context\":\"https:\\\/\\\/schema.org\",\"@graph\":[{\"@type\":\"WebPage\",\"@id\":\"https:\\\/\\\/lashclubla.com\\\/our-policy\\\/\",\"url\":\"https:\\\/\\\/lashclubla.com\\\/our-policy\\\/\",\"name\":\"Our Policy | Lash Club LA\",\"isPartOf\":{\"@id\":\"https:\\\/\\\/lashclubla.com\\\/#website\"},\"datePublished\":\"2023-04-21T20:39:43+00:00\",\"dateModified\":\"2024-03-25T03:36:14+00:00\",\"breadcrumb\":{\"@id\":\"https:\\\/\\\/lashclubla.com\\\/our-policy\\\/#breadcrumb\"},\"inLanguage\":\"es\",\"potentialAction\":[{\"@type\":\"ReadAction\",\"target\":[\"https:\\\/\\\/lashclubla.com\\\/our-policy\\\/\"]}]},{\"@type\":\"BreadcrumbList\",\"@id\":\"https:\\\/\\\/lashclubla.com\\\/our-policy\\\/#breadcrumb\",\"itemListElement\":[{\"@type\":\"ListItem\",\"position\":1,\"name\":\"Home\",\"item\":\"https:\\\/\\\/lashclubla.com\\\/\"},{\"@type\":\"ListItem\",\"position\":2,\"name\":\"Our Policy\"}]},{\"@type\":\"WebSite\",\"@id\":\"https:\\\/\\\/lashclubla.com\\\/#website\",\"url\":\"https:\\\/\\\/lashclubla.com\\\/\",\"name\":\"Lash Club LA\",\"description\":\"Lash Extensions | Lash Academy\",\"publisher\":{\"@id\":\"https:\\\/\\\/lashclubla.com\\\/#organization\"},\"potentialAction\":[{\"@type\":\"SearchAction\",\"target\":{\"@type\":\"EntryPoint\",\"urlTemplate\":\"https:\\\/\\\/lashclubla.com\\\/?s={search_term_string}\"},\"query-input\":{\"@type\":\"PropertyValueSpecification\",\"valueRequired\":true,\"valueName\":\"search_term_string\"}}],\"inLanguage\":\"es\"},{\"@type\":\"Organization\",\"@id\":\"https:\\\/\\\/lashclubla.com\\\/#organization\",\"name\":\"Lash Club LA\",\"alternateName\":\"LCLA\",\"url\":\"https:\\\/\\\/lashclubla.com\\\/\",\"logo\":{\"@type\":\"ImageObject\",\"inLanguage\":\"es\",\"@id\":\"https:\\\/\\\/lashclubla.com\\\/#\\\/schema\\\/logo\\\/image\\\/\",\"url\":\"https:\\\/\\\/lashclubla.com\\\/wp-content\\\/uploads\\\/2023\\\/05\\\/Lash-Club-LA-e1711049564789.png\",\"contentUrl\":\"https:\\\/\\\/lashclubla.com\\\/wp-content\\\/uploads\\\/2023\\\/05\\\/Lash-Club-LA-e1711049564789.png\",\"width\":310,\"height\":100,\"caption\":\"Lash Club LA\"},\"image\":{\"@id\":\"https:\\\/\\\/lashclubla.com\\\/#\\\/schema\\\/logo\\\/image\\\/\"},\"sameAs\":[\"https:\\\/\\\/www.instagram.com\\\/@lashclub_la\"]}]}<\/script>\n<!-- \/ Yoast SEO plugin. -->","yoast_head_json":{"title":"Our Policy | Lash Club LA","robots":{"index":"index","follow":"follow","max-snippet":"max-snippet:-1","max-image-preview":"max-image-preview:large","max-video-preview":"max-video-preview:-1"},"canonical":"https:\/\/lashclubla.com\/es\/our-policy\/","og_locale":"es_MX","og_type":"article","og_title":"Our Policy | Lash Club LA","og_url":"https:\/\/lashclubla.com\/es\/our-policy\/","og_site_name":"Lash Club LA","article_modified_time":"2024-03-25T03:36:14+00:00","og_image":[{"width":800,"height":200,"url":"https:\/\/lashclubla.com\/wp-content\/uploads\/2023\/05\/6-2.png","type":"image\/png"}],"twitter_card":"summary_large_image","twitter_misc":{"Tiempo de lectura":"2 minutos"},"schema":{"@context":"https:\/\/schema.org","@graph":[{"@type":"WebPage","@id":"https:\/\/lashclubla.com\/our-policy\/","url":"https:\/\/lashclubla.com\/our-policy\/","name":"Our Policy | Lash Club LA","isPartOf":{"@id":"https:\/\/lashclubla.com\/#website"},"datePublished":"2023-04-21T20:39:43+00:00","dateModified":"2024-03-25T03:36:14+00:00","breadcrumb":{"@id":"https:\/\/lashclubla.com\/our-policy\/#breadcrumb"},"inLanguage":"es","potentialAction":[{"@type":"ReadAction","target":["https:\/\/lashclubla.com\/our-policy\/"]}]},{"@type":"BreadcrumbList","@id":"https:\/\/lashclubla.com\/our-policy\/#breadcrumb","itemListElement":[{"@type":"ListItem","position":1,"name":"Home","item":"https:\/\/lashclubla.com\/"},{"@type":"ListItem","position":2,"name":"Our Policy"}]},{"@type":"WebSite","@id":"https:\/\/lashclubla.com\/#website","url":"https:\/\/lashclubla.com\/","name":"Lash Club LA","description":"Lash Extensions | Lash Academy","publisher":{"@id":"https:\/\/lashclubla.com\/#organization"},"potentialAction":[{"@type":"SearchAction","target":{"@type":"EntryPoint","urlTemplate":"https:\/\/lashclubla.com\/?s={search_term_string}"},"query-input":{"@type":"PropertyValueSpecification","valueRequired":true,"valueName":"search_term_string"}}],"inLanguage":"es"},{"@type":"Organization","@id":"https:\/\/lashclubla.com\/#organization","name":"Lash Club LA","alternateName":"LCLA","url":"https:\/\/lashclubla.com\/","logo":{"@type":"ImageObject","inLanguage":"es","@id":"https:\/\/lashclubla.com\/#\/schema\/logo\/image\/","url":"https:\/\/lashclubla.com\/wp-content\/uploads\/2023\/05\/Lash-Club-LA-e1711049564789.png","contentUrl":"https:\/\/lashclubla.com\/wp-content\/uploads\/2023\/05\/Lash-Club-LA-e1711049564789.png","width":310,"height":100,"caption":"Lash Club LA"},"image":{"@id":"https:\/\/lashclubla.com\/#\/schema\/logo\/image\/"},"sameAs":["https:\/\/www.instagram.com\/@lashclub_la"]}]}},"uagb_featured_image_src":{"full":false,"thumbnail":false,"medium":false,"medium_large":false,"large":false,"1536x1536":false,"2048x2048":false,"trp-custom-language-flag":false},"uagb_author_info":{"display_name":"lashclubla","author_link":"https:\/\/lashclubla.com\/es\/author\/lashclubla\/"},"uagb_comment_info":0,"uagb_excerpt":null,"_links":{"self":[{"href":"https:\/\/lashclubla.com\/es\/wp-json\/wp\/v2\/pages\/77","targetHints":{"allow":["GET"]}}],"collection":[{"href":"https:\/\/lashclubla.com\/es\/wp-json\/wp\/v2\/pages"}],"about":[{"href":"https:\/\/lashclubla.com\/es\/wp-json\/wp\/v2\/types\/page"}],"author":[{"embeddable":true,"href":"https:\/\/lashclubla.com\/es\/wp-json\/wp\/v2\/users\/1"}],"replies":[{"embeddable":true,"href":"https:\/\/lashclubla.com\/es\/wp-json\/wp\/v2\/comments?post=77"}],"version-history":[{"count":27,"href":"https:\/\/lashclubla.com\/es\/wp-json\/wp\/v2\/pages\/77\/revisions"}],"predecessor-version":[{"id":1097,"href":"https:\/\/lashclubla.com\/es\/wp-json\/wp\/v2\/pages\/77\/revisions\/1097"}],"wp:attachment":[{"href":"https:\/\/lashclubla.com\/es\/wp-json\/wp\/v2\/media?parent=77"}],"curies":[{"name":"wp","href":"https:\/\/api.w.org\/{rel}","templated":true}]}}