{"id":73,"date":"2023-04-13T04:03:56","date_gmt":"2023-04-13T04:03:56","guid":{"rendered":"https:\/\/lashclubla.com\/?page_id=73"},"modified":"2025-05-13T19:59:59","modified_gmt":"2025-05-13T19:59:59","slug":"lash-club-academy-los-angeles","status":"publish","type":"page","link":"https:\/\/lashclubla.com\/es\/lash-club-academy-los-angeles\/","title":{"rendered":"Academia del Lash Club LA"},"content":{"rendered":"<div style=\"height:25px\" aria-hidden=\"true\" class=\"wp-block-spacer\"><\/div>\n\n\n\n<h2 class=\"wp-block-heading has-text-align-center has-palette-color-4-color has-text-color has-background has-abril-fatface-font-family has-custom-font has-custom-weight\" style=\"background-color:#fff7fa;text-transform:capitalize;font-family:Abril Fatface;font-weight:normal\">Academia de entrenamiento del club de pesta\u00f1as<\/h2>\n\n\n\n<div style=\"height:25px\" aria-hidden=\"true\" class=\"wp-block-spacer\"><\/div>\n\n\n\n<figure class=\"wp-block-gallery has-nested-images columns-default is-cropped wp-block-gallery-1 is-layout-flex wp-block-gallery-is-layout-flex\">\n<figure class=\"wp-block-image size-large\"><img loading=\"lazy\" decoding=\"async\" width=\"1024\" height=\"683\" data-id=\"191\" src=\"https:\/\/lashclubla.com\/wp-content\/uploads\/2023\/04\/qtq80-lhiMVS-1024x683.jpeg\" alt=\"\" class=\"wp-image-191\" srcset=\"https:\/\/lashclubla.com\/wp-content\/uploads\/2023\/04\/qtq80-lhiMVS-1024x683.jpeg 1024w, https:\/\/lashclubla.com\/wp-content\/uploads\/2023\/04\/qtq80-lhiMVS-600x400.jpeg 600w, https:\/\/lashclubla.com\/wp-content\/uploads\/2023\/04\/qtq80-lhiMVS-300x200.jpeg 300w, https:\/\/lashclubla.com\/wp-content\/uploads\/2023\/04\/qtq80-lhiMVS-768x512.jpeg 768w, https:\/\/lashclubla.com\/wp-content\/uploads\/2023\/04\/qtq80-lhiMVS-18x12.jpeg 18w, https:\/\/lashclubla.com\/wp-content\/uploads\/2023\/04\/qtq80-lhiMVS.jpeg 1254w\" sizes=\"auto, (max-width: 1024px) 100vw, 1024px\" \/><\/figure>\n\n\n\n<figure class=\"wp-block-image size-large is-style-default\"><img loading=\"lazy\" decoding=\"async\" width=\"250\" height=\"250\" data-id=\"347\" src=\"https:\/\/lashclubla.com\/wp-content\/uploads\/2023\/05\/6-1.png\" alt=\"\" class=\"wp-image-347\" srcset=\"https:\/\/lashclubla.com\/wp-content\/uploads\/2023\/05\/6-1.png 250w, https:\/\/lashclubla.com\/wp-content\/uploads\/2023\/05\/6-1-100x100.png 100w, https:\/\/lashclubla.com\/wp-content\/uploads\/2023\/05\/6-1-150x150.png 150w, https:\/\/lashclubla.com\/wp-content\/uploads\/2023\/05\/6-1-12x12.png 12w\" sizes=\"auto, (max-width: 250px) 100vw, 250px\" \/><\/figure>\n\n\n\n<figure class=\"wp-block-image aligncenter size-large\"><img loading=\"lazy\" decoding=\"async\" width=\"819\" height=\"1024\" data-id=\"346\" src=\"https:\/\/lashclubla.com\/wp-content\/uploads\/2023\/05\/9990-819x1024.jpeg\" alt=\"\" class=\"wp-image-346\"\/><\/figure>\n<\/figure>\n\n\n\n<div style=\"height:60px\" aria-hidden=\"true\" class=\"wp-block-spacer\"><\/div>\n\n\n\n<p class=\"has-text-align-center has-palette-color-4-color has-text-color has-oswald-font-family has-custom-font has-custom-weight has-custom-transform\" style=\"font-family:Oswald;font-weight:normal;text-transform:initial;font-size:22px\">En Lash Club Academy aprender\u00e1s todo lo que necesitas saber para ser un artista de pesta\u00f1as exitoso. Le daremos las herramientas, los productos y el conocimiento junto con la capacitaci\u00f3n pr\u00e1ctica para comenzar a ver clientes inmediatamente despu\u00e9s de la graduaci\u00f3n. Si est\u00e1 interesado en reservar una capacitaci\u00f3n o para obtener m\u00e1s informaci\u00f3n sobre la capacitaci\u00f3n con nosotros, env\u00ede un correo electr\u00f3nico <strong>lashclubla@gmail.com<\/strong> o env\u00edenos un mensaje de texto a <\/p>\n\n\n\n<p class=\"has-text-align-center has-palette-color-4-color has-text-color has-oswald-font-family has-custom-font has-custom-weight has-custom-transform\" style=\"font-family:Oswald;font-weight:normal;text-transform:initial;font-size:22px\"><strong>424.527.9998<\/strong><\/p>\n\n\n\n<div style=\"height:25px\" aria-hidden=\"true\" class=\"wp-block-spacer\"><\/div>\n\n\n\n<div class=\"wp-block-coblocks-pricing-table has-text-align-center\"><div class=\"wp-block-coblocks-pricing-table__inner has-columns has-3-columns has-responsive-columns has-small-gutter\">\n<div class=\"wp-block-coblocks-pricing-table-item has-background has-text-color has-palette-color-1-color\" style=\"background-color:#fff7fa\"><span class=\"wp-block-coblocks-pricing-table-item__title\">EXTENSIONES DE PESTA\u00d1AS CL\u00c1SICAS<br\/><\/span><div class=\"wp-block-coblocks-pricing-table-item__price-wrapper\"><span class=\"wp-block-coblocks-pricing-table-item__currency\">$<\/span><span class=\"wp-block-coblocks-pricing-table-item__amount\">250<\/span><\/div>\n<ul class=\"wp-block-list wp-block-coblocks-pricing-table-item__features\">\n<li style=\"text-transform:none\">Aprende las habilidades necesarias para ser un Lash Artist certificado<\/li>\n\n\n\n<li style=\"text-transform:none\">Online training course. includes all learning materials and lash kit. <\/li>\n\n\n\n<li style=\"text-transform:none\">2 hour in-person hands on application certification<\/li>\n<\/ul>\n<\/div>\n\n\n\n<div class=\"wp-block-coblocks-pricing-table-item has-background has-text-color has-palette-color-1-color\" style=\"background-color:#fff7fa\"><span class=\"wp-block-coblocks-pricing-table-item__title\">LAMINACI\u00d3N DE CEJAS<\/span><div class=\"wp-block-coblocks-pricing-table-item__price-wrapper\"><span class=\"wp-block-coblocks-pricing-table-item__currency\">$<\/span><span class=\"wp-block-coblocks-pricing-table-item__amount\">450<\/span><\/div>\n<ul class=\"wp-block-list wp-block-coblocks-pricing-table-item__features\">\n<li style=\"text-transform:none\">Aprende las t\u00e9cnicas y obt\u00e9n la certificaci\u00f3n en laminaci\u00f3n de cejas<\/li>\n\n\n\n<li style=\"text-transform:none\">Includes all learning materials and products provided.<\/li>\n\n\n\n<li style=\"text-transform:none\">2 hour in-person hands on application certification.<\/li>\n<\/ul>\n<\/div>\n\n\n\n<div class=\"wp-block-coblocks-pricing-table-item has-background\" style=\"background-color:#fff7fa\"><span class=\"wp-block-coblocks-pricing-table-item__title\">LIFTING DE PESTA\u00d1AS<\/span><div class=\"wp-block-coblocks-pricing-table-item__price-wrapper\"><span class=\"wp-block-coblocks-pricing-table-item__currency\">$<\/span><span class=\"wp-block-coblocks-pricing-table-item__amount\">450<\/span><\/div>\n<ul class=\"wp-block-list wp-block-coblocks-pricing-table-item__features\">\n<li style=\"text-transform:none\">Aprende las t\u00e9cnicas y convi\u00e9rtete en un Lash Lift Artist certificado<\/li>\n\n\n\n<li style=\"text-transform:none\">Includes all learning materials and products provided.<\/li>\n<\/ul>\n\n\n\n<p style=\"text-transform:none\">2 hour in-person hands on application certification.<\/p>\n<\/div>\n<\/div><\/div>\n\n\n\n<div style=\"height:100px\" aria-hidden=\"true\" class=\"wp-block-spacer\"><\/div>\n\n\n\n<p><\/p>","protected":false},"excerpt":{"rendered":"<p>Lash Club Training Academy At Lash Club Academy you will learn everything you need to know about being a successful lash artist. We will give you the tools, products and knowledge along with hands on training to start seeing clients Immediately upon Graduation . If you are interested in booking a training or for more [&hellip;]<\/p>\n","protected":false},"author":1,"featured_media":0,"parent":0,"menu_order":0,"comment_status":"closed","ping_status":"closed","template":"","meta":{"_coblocks_attr":"Faustina,Yrsa,Lora,Lato,Oswald,Abril Fatface","_coblocks_dimensions":"","_coblocks_responsive_height":"","_coblocks_accordion_ie_support":"","_uag_custom_page_level_css":"","footnotes":""},"class_list":["post-73","page","type-page","status-publish","hentry"],"blocksy_meta":{"background":{"desktop":{"background_type":"color","background_pattern":"type-1","background_image":{"attachment_id":null,"x":0,"y":0},"gradient":"linear-gradient(135deg,rgba(6,147,227,1) 0%,rgb(155,81,224) 100%)","background_repeat":"repeat","background_size":"auto","background_attachment":"scroll","patternColor":{"default":{"color":"#e5e7ea"}},"overlayColor":{"default":{"color":"CT_CSS_SKIP_RULE"}},"backgroundColor":{"default":{"color":"var(--theme-palette-color-8)"}}},"tablet":{"background_type":"color","background_pattern":"type-1","background_image":{"attachment_id":null,"x":0,"y":0},"gradient":"linear-gradient(135deg,rgba(6,147,227,1) 0%,rgb(155,81,224) 100%)","background_repeat":"repeat","background_size":"auto","background_attachment":"scroll","patternColor":{"default":{"color":"#e5e7ea"}},"overlayColor":{"default":{"color":"CT_CSS_SKIP_RULE"}},"backgroundColor":{"default":{"color":"var(--theme-palette-color-8)"}}},"mobile":{"background_type":"color","background_pattern":"type-1","background_image":{"attachment_id":null,"x":0,"y":0},"gradient":"linear-gradient(135deg,rgba(6,147,227,1) 0%,rgb(155,81,224) 100%)","background_repeat":"repeat","background_size":"auto","background_attachment":"scroll","patternColor":{"default":{"color":"#e5e7ea"}},"overlayColor":{"default":{"color":"CT_CSS_SKIP_RULE"}},"backgroundColor":{"default":{"color":"var(--theme-palette-color-8)"}}},"__changed":[]},"styles_descriptor":{"styles":{"desktop":"[data-prefix=\"single_page\"] {background-color:var(--theme-palette-color-8);background-image:none;}","tablet":"","mobile":""},"google_fonts":[],"version":6},"disable_header":"no"},"yoast_head":"<!-- This site is optimized with the Yoast SEO plugin v27.4 - https:\/\/yoast.com\/product\/yoast-seo-wordpress\/ -->\n<title>Lash Club Academy | Lash Club LA<\/title>\n<meta name=\"description\" content=\"Lash club academy specializes in lash extension, lash lift and brow lamination training in person or online calsses available.\" \/>\n<meta name=\"robots\" content=\"index, follow, max-snippet:-1, max-image-preview:large, max-video-preview:-1\" \/>\n<link rel=\"canonical\" href=\"https:\/\/lashclubla.com\/es\/lash-club-academy-los-angeles\/\" \/>\n<meta property=\"og:locale\" content=\"es_MX\" \/>\n<meta property=\"og:type\" content=\"article\" \/>\n<meta property=\"og:title\" content=\"Lash Club Academy | Lash Club LA\" \/>\n<meta property=\"og:description\" content=\"Lash club academy specializes in lash extension, lash lift and brow lamination training in person or online calsses available.\" \/>\n<meta property=\"og:url\" content=\"https:\/\/lashclubla.com\/es\/lash-club-academy-los-angeles\/\" \/>\n<meta property=\"og:site_name\" content=\"Lash Club LA\" \/>\n<meta property=\"article:modified_time\" content=\"2025-05-13T19:59:59+00:00\" \/>\n<meta property=\"og:image\" content=\"https:\/\/lashclubla.com\/wp-content\/uploads\/2023\/04\/qtq80-lhiMVS.jpeg\" \/>\n\t<meta property=\"og:image:width\" content=\"1254\" \/>\n\t<meta property=\"og:image:height\" content=\"836\" \/>\n\t<meta property=\"og:image:type\" content=\"image\/jpeg\" \/>\n<meta name=\"twitter:card\" content=\"summary_large_image\" \/>\n<meta name=\"twitter:label1\" content=\"Tiempo de lectura\" \/>\n\t<meta name=\"twitter:data1\" content=\"2 minutos\" \/>\n<script type=\"application\/ld+json\" class=\"yoast-schema-graph\">{\"@context\":\"https:\\\/\\\/schema.org\",\"@graph\":[{\"@type\":\"WebPage\",\"@id\":\"https:\\\/\\\/lashclubla.com\\\/lash-club-academy-los-angeles\\\/\",\"url\":\"https:\\\/\\\/lashclubla.com\\\/lash-club-academy-los-angeles\\\/\",\"name\":\"Lash Club Academy | Lash Club LA\",\"isPartOf\":{\"@id\":\"https:\\\/\\\/lashclubla.com\\\/#website\"},\"primaryImageOfPage\":{\"@id\":\"https:\\\/\\\/lashclubla.com\\\/lash-club-academy-los-angeles\\\/#primaryimage\"},\"image\":{\"@id\":\"https:\\\/\\\/lashclubla.com\\\/lash-club-academy-los-angeles\\\/#primaryimage\"},\"thumbnailUrl\":\"https:\\\/\\\/lashclubla.com\\\/wp-content\\\/uploads\\\/2023\\\/04\\\/qtq80-lhiMVS-1024x683.jpeg\",\"datePublished\":\"2023-04-13T04:03:56+00:00\",\"dateModified\":\"2025-05-13T19:59:59+00:00\",\"description\":\"Lash club academy specializes in lash extension, lash lift and brow lamination training in person or online calsses available.\",\"breadcrumb\":{\"@id\":\"https:\\\/\\\/lashclubla.com\\\/lash-club-academy-los-angeles\\\/#breadcrumb\"},\"inLanguage\":\"es\",\"potentialAction\":[{\"@type\":\"ReadAction\",\"target\":[\"https:\\\/\\\/lashclubla.com\\\/lash-club-academy-los-angeles\\\/\"]}]},{\"@type\":\"ImageObject\",\"inLanguage\":\"es\",\"@id\":\"https:\\\/\\\/lashclubla.com\\\/lash-club-academy-los-angeles\\\/#primaryimage\",\"url\":\"https:\\\/\\\/lashclubla.com\\\/wp-content\\\/uploads\\\/2023\\\/04\\\/qtq80-lhiMVS-1024x683.jpeg\",\"contentUrl\":\"https:\\\/\\\/lashclubla.com\\\/wp-content\\\/uploads\\\/2023\\\/04\\\/qtq80-lhiMVS-1024x683.jpeg\"},{\"@type\":\"BreadcrumbList\",\"@id\":\"https:\\\/\\\/lashclubla.com\\\/lash-club-academy-los-angeles\\\/#breadcrumb\",\"itemListElement\":[{\"@type\":\"ListItem\",\"position\":1,\"name\":\"Home\",\"item\":\"https:\\\/\\\/lashclubla.com\\\/\"},{\"@type\":\"ListItem\",\"position\":2,\"name\":\"Lash Club Academy\"}]},{\"@type\":\"WebSite\",\"@id\":\"https:\\\/\\\/lashclubla.com\\\/#website\",\"url\":\"https:\\\/\\\/lashclubla.com\\\/\",\"name\":\"Lash Club LA\",\"description\":\"Lash Extensions | Lash Academy\",\"publisher\":{\"@id\":\"https:\\\/\\\/lashclubla.com\\\/#organization\"},\"potentialAction\":[{\"@type\":\"SearchAction\",\"target\":{\"@type\":\"EntryPoint\",\"urlTemplate\":\"https:\\\/\\\/lashclubla.com\\\/?s={search_term_string}\"},\"query-input\":{\"@type\":\"PropertyValueSpecification\",\"valueRequired\":true,\"valueName\":\"search_term_string\"}}],\"inLanguage\":\"es\"},{\"@type\":\"Organization\",\"@id\":\"https:\\\/\\\/lashclubla.com\\\/#organization\",\"name\":\"Lash Club LA\",\"alternateName\":\"LCLA\",\"url\":\"https:\\\/\\\/lashclubla.com\\\/\",\"logo\":{\"@type\":\"ImageObject\",\"inLanguage\":\"es\",\"@id\":\"https:\\\/\\\/lashclubla.com\\\/#\\\/schema\\\/logo\\\/image\\\/\",\"url\":\"https:\\\/\\\/lashclubla.com\\\/wp-content\\\/uploads\\\/2023\\\/05\\\/Lash-Club-LA-e1711049564789.png\",\"contentUrl\":\"https:\\\/\\\/lashclubla.com\\\/wp-content\\\/uploads\\\/2023\\\/05\\\/Lash-Club-LA-e1711049564789.png\",\"width\":310,\"height\":100,\"caption\":\"Lash Club LA\"},\"image\":{\"@id\":\"https:\\\/\\\/lashclubla.com\\\/#\\\/schema\\\/logo\\\/image\\\/\"},\"sameAs\":[\"https:\\\/\\\/www.instagram.com\\\/@lashclub_la\"]}]}<\/script>\n<!-- \/ Yoast SEO plugin. -->","yoast_head_json":{"title":"Lash Club Academy | Lash Club LA","description":"Lash club academy specializes in lash extension, lash lift and brow lamination training in person or online calsses available.","robots":{"index":"index","follow":"follow","max-snippet":"max-snippet:-1","max-image-preview":"max-image-preview:large","max-video-preview":"max-video-preview:-1"},"canonical":"https:\/\/lashclubla.com\/es\/lash-club-academy-los-angeles\/","og_locale":"es_MX","og_type":"article","og_title":"Lash Club Academy | Lash Club LA","og_description":"Lash club academy specializes in lash extension, lash lift and brow lamination training in person or online calsses available.","og_url":"https:\/\/lashclubla.com\/es\/lash-club-academy-los-angeles\/","og_site_name":"Lash Club LA","article_modified_time":"2025-05-13T19:59:59+00:00","og_image":[{"width":1254,"height":836,"url":"https:\/\/lashclubla.com\/wp-content\/uploads\/2023\/04\/qtq80-lhiMVS.jpeg","type":"image\/jpeg"}],"twitter_card":"summary_large_image","twitter_misc":{"Tiempo de lectura":"2 minutos"},"schema":{"@context":"https:\/\/schema.org","@graph":[{"@type":"WebPage","@id":"https:\/\/lashclubla.com\/lash-club-academy-los-angeles\/","url":"https:\/\/lashclubla.com\/lash-club-academy-los-angeles\/","name":"Lash Club Academy | Lash Club LA","isPartOf":{"@id":"https:\/\/lashclubla.com\/#website"},"primaryImageOfPage":{"@id":"https:\/\/lashclubla.com\/lash-club-academy-los-angeles\/#primaryimage"},"image":{"@id":"https:\/\/lashclubla.com\/lash-club-academy-los-angeles\/#primaryimage"},"thumbnailUrl":"https:\/\/lashclubla.com\/wp-content\/uploads\/2023\/04\/qtq80-lhiMVS-1024x683.jpeg","datePublished":"2023-04-13T04:03:56+00:00","dateModified":"2025-05-13T19:59:59+00:00","description":"Lash club academy specializes in lash extension, lash lift and brow lamination training in person or online calsses available.","breadcrumb":{"@id":"https:\/\/lashclubla.com\/lash-club-academy-los-angeles\/#breadcrumb"},"inLanguage":"es","potentialAction":[{"@type":"ReadAction","target":["https:\/\/lashclubla.com\/lash-club-academy-los-angeles\/"]}]},{"@type":"ImageObject","inLanguage":"es","@id":"https:\/\/lashclubla.com\/lash-club-academy-los-angeles\/#primaryimage","url":"https:\/\/lashclubla.com\/wp-content\/uploads\/2023\/04\/qtq80-lhiMVS-1024x683.jpeg","contentUrl":"https:\/\/lashclubla.com\/wp-content\/uploads\/2023\/04\/qtq80-lhiMVS-1024x683.jpeg"},{"@type":"BreadcrumbList","@id":"https:\/\/lashclubla.com\/lash-club-academy-los-angeles\/#breadcrumb","itemListElement":[{"@type":"ListItem","position":1,"name":"Home","item":"https:\/\/lashclubla.com\/"},{"@type":"ListItem","position":2,"name":"Lash Club Academy"}]},{"@type":"WebSite","@id":"https:\/\/lashclubla.com\/#website","url":"https:\/\/lashclubla.com\/","name":"Lash Club LA","description":"Lash Extensions | Lash Academy","publisher":{"@id":"https:\/\/lashclubla.com\/#organization"},"potentialAction":[{"@type":"SearchAction","target":{"@type":"EntryPoint","urlTemplate":"https:\/\/lashclubla.com\/?s={search_term_string}"},"query-input":{"@type":"PropertyValueSpecification","valueRequired":true,"valueName":"search_term_string"}}],"inLanguage":"es"},{"@type":"Organization","@id":"https:\/\/lashclubla.com\/#organization","name":"Lash Club LA","alternateName":"LCLA","url":"https:\/\/lashclubla.com\/","logo":{"@type":"ImageObject","inLanguage":"es","@id":"https:\/\/lashclubla.com\/#\/schema\/logo\/image\/","url":"https:\/\/lashclubla.com\/wp-content\/uploads\/2023\/05\/Lash-Club-LA-e1711049564789.png","contentUrl":"https:\/\/lashclubla.com\/wp-content\/uploads\/2023\/05\/Lash-Club-LA-e1711049564789.png","width":310,"height":100,"caption":"Lash Club LA"},"image":{"@id":"https:\/\/lashclubla.com\/#\/schema\/logo\/image\/"},"sameAs":["https:\/\/www.instagram.com\/@lashclub_la"]}]}},"uagb_featured_image_src":{"full":false,"thumbnail":false,"medium":false,"medium_large":false,"large":false,"1536x1536":false,"2048x2048":false,"trp-custom-language-flag":false},"uagb_author_info":{"display_name":"lashclubla","author_link":"https:\/\/lashclubla.com\/es\/author\/lashclubla\/"},"uagb_comment_info":0,"uagb_excerpt":"Lash Club Training Academy At Lash Club Academy you will learn everything you need to know about being a successful lash artist. We will give you the tools, products and knowledge along with hands on training to start seeing clients Immediately upon Graduation . If you are interested in booking a training or for more&hellip;","_links":{"self":[{"href":"https:\/\/lashclubla.com\/es\/wp-json\/wp\/v2\/pages\/73","targetHints":{"allow":["GET"]}}],"collection":[{"href":"https:\/\/lashclubla.com\/es\/wp-json\/wp\/v2\/pages"}],"about":[{"href":"https:\/\/lashclubla.com\/es\/wp-json\/wp\/v2\/types\/page"}],"author":[{"embeddable":true,"href":"https:\/\/lashclubla.com\/es\/wp-json\/wp\/v2\/users\/1"}],"replies":[{"embeddable":true,"href":"https:\/\/lashclubla.com\/es\/wp-json\/wp\/v2\/comments?post=73"}],"version-history":[{"count":38,"href":"https:\/\/lashclubla.com\/es\/wp-json\/wp\/v2\/pages\/73\/revisions"}],"predecessor-version":[{"id":1480,"href":"https:\/\/lashclubla.com\/es\/wp-json\/wp\/v2\/pages\/73\/revisions\/1480"}],"wp:attachment":[{"href":"https:\/\/lashclubla.com\/es\/wp-json\/wp\/v2\/media?parent=73"}],"curies":[{"name":"wp","href":"https:\/\/api.w.org\/{rel}","templated":true}]}}