{"id":207,"date":"2023-04-28T19:11:54","date_gmt":"2023-04-28T19:11:54","guid":{"rendered":"https:\/\/lashclubla.com\/?page_id=207"},"modified":"2025-01-06T21:40:23","modified_gmt":"2025-01-06T21:40:23","slug":"services","status":"publish","type":"page","link":"https:\/\/lashclubla.com\/es\/services\/","title":{"rendered":"servicios"},"content":{"rendered":"<div style=\"height:25px\" aria-hidden=\"true\" class=\"wp-block-spacer\"><\/div>\n\n\n\n<div style=\"height:100px\" aria-hidden=\"true\" class=\"wp-block-spacer\"><\/div>\n\n\n\n<div class=\"wp-block-coblocks-row coblocks-row-48121236687\" data-columns=\"1\" data-layout=\"100\"><div class=\"wp-block-coblocks-row__inner has-no-padding has-margin is-stacked-on-mobile has-medium-gutter\">\n<div class=\"wp-block-coblocks-column coblocks-column-48121242899 has-custom-font\" style=\"font-family:Oswald;width:100%\"><div class=\"wp-block-coblocks-column__inner has-background has-no-padding has-no-margin\" style=\"background-color:#fff7fa\">\n<h2 class=\"wp-block-heading alignwide has-text-align-center has-palette-color-4-color has-text-color has-background has-oswald-font-family has-custom-font has-custom-weight\" style=\"background-color:#fff7fa;font-size:clamp(17.905px, 1.119rem + ((1vw - 3.2px) * 0.789), 28px);font-style:normal;font-weight:normal;text-transform:uppercase;font-family:Oswald\">PESTA\u00d1AS \u2013 CEJAS \u2013 CUIDADO DE LA PIEL<\/h2>\n<\/div><\/div>\n<\/div><\/div>\n\n\n\n<div class=\"wp-block-uagb-restaurant-menu uagb-block-bb3817b3 uagb-rm__desk-column-2 uagb-rm__tablet-column-2 uagb-rm__mobile-column-1\">\n<div class=\"wp-block-uagb-restaurant-menu-child uagb-rest_menu__wrap\"><div class=\"uagb-rm__content\"><img decoding=\"async\" class=\"\" src=\"https:\/\/lashclubla.com\/wp-content\/uploads\/2023\/05\/9990-scaled.jpeg\" alt=\"\" width=\"200\" height=\"250\" loading=\"lazy\"\/><div class=\"uagb-rm-details\"><h4 class=\"uagb-rm__title\">Ocean Lash <\/h4><div class=\"uagb-rm__desc\">Conjunto ligero y natural <br>1 hora \/ actualizaci\u00f3n cada 2 semanas<\/div><\/div><span class=\"uagb-rm__price\">$99 <\/span><\/div><div class=\"uagb-rm__separator\"><\/div><\/div>\n\n\n\n<div class=\"wp-block-uagb-restaurant-menu-child uagb-rest_menu__wrap\"><div class=\"uagb-rm__content\"><img decoding=\"async\" class=\"\" src=\"https:\/\/lashclubla.com\/wp-content\/uploads\/2023\/04\/0100-1-scaled.jpg\" alt=\"\" width=\"200\" height=\"250\" loading=\"lazy\"\/><div class=\"uagb-rm-details\"><h4 class=\"uagb-rm__title\">Sunset Full Set <\/h4><div class=\"uagb-rm__desc\">Mezcla h\u00edbrida de cl\u00e1sico y volumen.<br>Fill every 2 weeks $125<\/div><\/div><span class=\"uagb-rm__price\">$200 <\/span><\/div><div class=\"uagb-rm__separator\"><\/div><\/div>\n\n\n\n<div class=\"wp-block-uagb-restaurant-menu-child uagb-rest_menu__wrap\"><div class=\"uagb-rm__content\"><img decoding=\"async\" class=\"\" src=\"https:\/\/lashclubla.com\/wp-content\/uploads\/2023\/04\/1264-resized-scaled.jpg\" alt=\"\" width=\"200\" height=\"258\" loading=\"lazy\"\/><div class=\"uagb-rm-details\"><h4 class=\"uagb-rm__title\">Venice Full Set <\/h4><div class=\"uagb-rm__desc\">Classic Set <br>Fill Every 2 weeks $100<\/div><\/div><span class=\"uagb-rm__price\">$150 <\/span><\/div><div class=\"uagb-rm__separator\"><\/div><\/div>\n\n\n\n<div class=\"wp-block-uagb-restaurant-menu-child uagb-rest_menu__wrap\"><div class=\"uagb-rm__content\"><img decoding=\"async\" class=\"\" src=\"https:\/\/lashclubla.com\/wp-content\/uploads\/2023\/04\/3-scaled.jpg\" alt=\"\" width=\"200\" height=\"258\" loading=\"lazy\"\/><div class=\"uagb-rm-details\"><h4 class=\"uagb-rm__title\">Melrose full set<\/h4><div class=\"uagb-rm__desc\">Volume lashes<br>Fill every 2 weeks $125<\/div><\/div><span class=\"uagb-rm__price\">$250 <\/span><\/div><div class=\"uagb-rm__separator\"><\/div><\/div>\n\n\n\n<div class=\"wp-block-uagb-restaurant-menu-child uagb-rest_menu__wrap\"><div class=\"uagb-rm__content\"><img decoding=\"async\" class=\"\" src=\"https:\/\/lashclubla.com\/wp-content\/uploads\/2023\/05\/6-1.png\" alt=\"\" width=\"200\" height=\"200\" loading=\"lazy\"\/><div class=\"uagb-rm-details\"><h4 class=\"uagb-rm__title\">Levantamiento de pesta\u00f1as <\/h4><div class=\"uagb-rm__desc\">Rizado para tus pesta\u00f1as naturales <br>actualizar cada 6-8 semanas<\/div><\/div><span class=\"uagb-rm__price\">$100 <\/span><\/div><div class=\"uagb-rm__separator\"><\/div><\/div>\n\n\n\n<div class=\"wp-block-uagb-restaurant-menu-child uagb-rest_menu__wrap\"><div class=\"uagb-rm__content\"><img decoding=\"async\" class=\"\" src=\"https:\/\/lashclubla.com\/wp-content\/uploads\/2023\/05\/Untitled-250-\u00d7-250-px.png\" alt=\"\" width=\"200\" height=\"200\" loading=\"lazy\"\/><div class=\"uagb-rm-details\"><h4 class=\"uagb-rm__title\">Eliminaci\u00f3n de pesta\u00f1as <\/h4><div class=\"uagb-rm__desc\">eliminaci\u00f3n de extensiones de pesta\u00f1as viejas<\/div><\/div><span class=\"uagb-rm__price\">$25 <\/span><\/div><div class=\"uagb-rm__separator\"><\/div><\/div>\n\n\n\n<div class=\"wp-block-uagb-restaurant-menu-child uagb-rest_menu__wrap\"><div class=\"uagb-rm__content\"><img decoding=\"async\" class=\"\" src=\"https:\/\/lashclubla.com\/wp-content\/uploads\/2023\/05\/Untitled-250-\u00d7-250-px-1.png\" alt=\"\" width=\"200\" height=\"200\" loading=\"lazy\"\/><div class=\"uagb-rm-details\"><h4 class=\"uagb-rm__title\">Laminaci\u00f3n de cejas<\/h4><div class=\"uagb-rm__desc\">Suaviza y alisa tus cejas. <br>Incluye perfilado de cejas. <\/div><\/div><span class=\"uagb-rm__price\">$150 <\/span><\/div><div class=\"uagb-rm__separator\"><\/div><\/div>\n\n\n\n<div class=\"wp-block-uagb-restaurant-menu-child uagb-rest_menu__wrap\"><div class=\"uagb-rm__content\"><img decoding=\"async\" class=\"\" src=\"https:\/\/lashclubla.com\/wp-content\/uploads\/2023\/05\/Untitled-250-\u00d7-250-px-2.png\" alt=\"\" width=\"200\" height=\"200\" loading=\"lazy\"\/><div class=\"uagb-rm-details\"><h4 class=\"uagb-rm__title\">Modelado de cejas <\/h4><div class=\"uagb-rm__desc\">Modelado personalizado de cejas con cera hipoalerg\u00e9nica <\/div><\/div><span class=\"uagb-rm__price\">$65 <\/span><\/div><div class=\"uagb-rm__separator\"><\/div><\/div>\n<\/div>\n\n\n\n<div class=\"wp-block-uagb-restaurant-menu uagb-block-b2117eb7 uagb-rm__desk-column-2 uagb-rm__tablet-column-2 uagb-rm__mobile-column-1\">\n<div class=\"wp-block-uagb-restaurant-menu-child uagb-rest_menu__wrap\"><div class=\"uagb-rm__content\"><img decoding=\"async\" class=\"\" src=\"https:\/\/lashclubla.com\/wp-content\/uploads\/2023\/05\/13.png\" alt=\"\" width=\"200\" height=\"200\" loading=\"lazy\"\/><div class=\"uagb-rm-details\"><h4 class=\"uagb-rm__title\">belleza fiebre facial <\/h4><div class=\"uagb-rm__desc\">Vapor de hierbas para abrir los poros y estimular <br>producci\u00f3n de col\u00e1geno Seguido por un <br>C\u00e1scara de enzimas de calabaza y una m\u00e1scara de hidrataci\u00f3n personalizada. <br>Rodillo fr\u00edo para maximizar la absorci\u00f3n.<\/div><\/div><span class=\"uagb-rm__price\">$110 <\/span><\/div><div class=\"uagb-rm__separator\"><\/div><\/div>\n\n\n\n<div class=\"wp-block-uagb-restaurant-menu-child uagb-rest_menu__wrap\"><div class=\"uagb-rm__content\"><img decoding=\"async\" class=\"\" src=\"https:\/\/lashclubla.com\/wp-content\/uploads\/2023\/05\/15.png\" alt=\"\" width=\"200\" height=\"200\" loading=\"lazy\"\/><div class=\"uagb-rm-details\"><h4 class=\"uagb-rm__title\">Alta frecuencia  <\/h4><div class=\"uagb-rm__desc\">Tratamiento antibacteriano para la piel. <br>cuando se aplica en el cuero cabelludo, puede estimular el crecimiento y la regeneraci\u00f3n de los fol\u00edculos pilosos.  <br>Se puede reservar como complemento facial o tratamiento individual <\/div><\/div><span class=\"uagb-rm__price\">$25 <\/span><\/div><div class=\"uagb-rm__separator\"><\/div><\/div>\n\n\n\n<div class=\"wp-block-uagb-restaurant-menu-child uagb-rest_menu__wrap\"><div class=\"uagb-rm__content\"><img decoding=\"async\" class=\"\" src=\"https:\/\/lashclubla.com\/wp-content\/uploads\/2023\/05\/14.png\" alt=\"\" width=\"200\" height=\"200\" loading=\"lazy\"\/><div class=\"uagb-rm-details\"><h4 class=\"uagb-rm__title\">tratamiento ojos brillantes <\/h4><div class=\"uagb-rm__desc\">Tratamiento de ojos personalizado con m\u00e1scara para reducir la hinchaz\u00f3n, las l\u00edneas finas y refrescar e iluminar los ojos.<br>Se puede reservar como complemento facial o tratamiento individual <\/div><\/div><span class=\"uagb-rm__price\">$25 <\/span><\/div><div class=\"uagb-rm__separator\"><\/div><\/div>\n\n\n\n<div class=\"wp-block-uagb-restaurant-menu-child uagb-rest_menu__wrap\"><div class=\"uagb-rm__content\"><img decoding=\"async\" class=\"\" src=\"https:\/\/lashclubla.com\/wp-content\/uploads\/2023\/05\/12.png\" alt=\"\" width=\"200\" height=\"200\" loading=\"lazy\"\/><div class=\"uagb-rm-details\"><h4 class=\"uagb-rm__title\">Masaje facial gua sha <\/h4><div class=\"uagb-rm__desc\">alivia la tensi\u00f3n muscular, reduce la hinchaz\u00f3n, aumenta la circulaci\u00f3n, estimula el drenaje linf\u00e1tico y suaviza la apariencia de las l\u00edneas finas.<br>Se puede reservar como complemento facial o tratamiento individual <\/div><\/div><span class=\"uagb-rm__price\">$50 <\/span><\/div><div class=\"uagb-rm__separator\"><\/div><\/div>\n<\/div>\n\n\n\n<div class=\"wp-block-buttons alignwide is-content-justification-center is-layout-flex wp-container-core-buttons-is-layout-007a9c89 wp-block-buttons-is-layout-flex\">\n<div class=\"wp-block-button is-style-fill has-oswald-font-family coblocks-animate has-custom-font has-custom-weight\" data-coblocks-animation=\"slideInLeft\" style=\"font-family:Oswald;font-weight:normal;font-size:14px\"><a class=\"wp-block-button__link wp-element-button\" href=\"https:\/\/square.site\/appointments\/book\/H60Z8WVEAVVYG\/lash-club-la-los-angeles-ca\" target=\"_blank\" rel=\"noreferrer noopener\">BOOK YOUR APPOINTMENT<\/a><\/div>\n<\/div>\n\n\n\n<div style=\"height:100px\" aria-hidden=\"true\" class=\"wp-block-spacer\"><\/div>","protected":false},"excerpt":{"rendered":"","protected":false},"author":1,"featured_media":0,"parent":0,"menu_order":0,"comment_status":"closed","ping_status":"closed","template":"","meta":{"_coblocks_attr":"Oswald,Oswald","_coblocks_dimensions":"{\"coblocks-row-48121236687\":{\"padding\":{},\"margin\":{}}}","_coblocks_responsive_height":"","_coblocks_accordion_ie_support":"","_uag_custom_page_level_css":"","footnotes":""},"class_list":["post-207","page","type-page","status-publish","hentry"],"blocksy_meta":{"background":{"background_type":{"background_type":"color","background_pattern":"type-1","background_image":{"attachment_id":null,"x":0,"y":0},"gradient":"linear-gradient(135deg,rgba(6,147,227,1) 0%,rgb(155,81,224) 100%)","background_repeat":"repeat","background_size":"auto","background_attachment":"scroll","patternColor":{"default":{"color":"#e5e7ea"}},"overlayColor":{"default":{"color":"CT_CSS_SKIP_RULE"}},"backgroundColor":{"default":{"color":"var(--theme-palette-color-8)"}}},"background_pattern":{"background_type":"color","background_pattern":"type-1","background_image":{"attachment_id":null,"x":0,"y":0},"gradient":"linear-gradient(135deg,rgba(6,147,227,1) 0%,rgb(155,81,224) 100%)","background_repeat":"repeat","background_size":"auto","background_attachment":"scroll","patternColor":{"default":{"color":"#e5e7ea"}},"overlayColor":{"default":{"color":"CT_CSS_SKIP_RULE"}},"backgroundColor":{"default":{"color":"var(--theme-palette-color-8)"}}},"background_image":{"background_type":"color","background_pattern":"type-1","background_image":{"attachment_id":null,"x":0,"y":0},"gradient":"linear-gradient(135deg,rgba(6,147,227,1) 0%,rgb(155,81,224) 100%)","background_repeat":"repeat","background_size":"auto","background_attachment":"scroll","patternColor":{"default":{"color":"#e5e7ea"}},"overlayColor":{"default":{"color":"CT_CSS_SKIP_RULE"}},"backgroundColor":{"default":{"color":"var(--theme-palette-color-8)"}}},"gradient":{"background_type":"color","background_pattern":"type-1","background_image":{"attachment_id":null,"x":0,"y":0},"gradient":"linear-gradient(135deg,rgba(6,147,227,1) 0%,rgb(155,81,224) 100%)","background_repeat":"repeat","background_size":"auto","background_attachment":"scroll","patternColor":{"default":{"color":"#e5e7ea"}},"overlayColor":{"default":{"color":"CT_CSS_SKIP_RULE"}},"backgroundColor":{"default":{"color":"var(--theme-palette-color-8)"}}},"background_repeat":{"background_type":"color","background_pattern":"type-1","background_image":{"attachment_id":null,"x":0,"y":0},"gradient":"linear-gradient(135deg,rgba(6,147,227,1) 0%,rgb(155,81,224) 100%)","background_repeat":"repeat","background_size":"auto","background_attachment":"scroll","patternColor":{"default":{"color":"#e5e7ea"}},"overlayColor":{"default":{"color":"CT_CSS_SKIP_RULE"}},"backgroundColor":{"default":{"color":"var(--theme-palette-color-8)"}}},"background_size":{"background_type":"color","background_pattern":"type-1","background_image":{"attachment_id":null,"x":0,"y":0},"gradient":"linear-gradient(135deg,rgba(6,147,227,1) 0%,rgb(155,81,224) 100%)","background_repeat":"repeat","background_size":"auto","background_attachment":"scroll","patternColor":{"default":{"color":"#e5e7ea"}},"overlayColor":{"default":{"color":"CT_CSS_SKIP_RULE"}},"backgroundColor":{"default":{"color":"var(--theme-palette-color-8)"}}},"background_attachment":{"background_type":"color","background_pattern":"type-1","background_image":{"attachment_id":null,"x":0,"y":0},"gradient":"linear-gradient(135deg,rgba(6,147,227,1) 0%,rgb(155,81,224) 100%)","background_repeat":"repeat","background_size":"auto","background_attachment":"scroll","patternColor":{"default":{"color":"#e5e7ea"}},"overlayColor":{"default":{"color":"CT_CSS_SKIP_RULE"}},"backgroundColor":{"default":{"color":"var(--theme-palette-color-8)"}}},"patternColor":{"background_type":"color","background_pattern":"type-1","background_image":{"attachment_id":null,"x":0,"y":0},"gradient":"linear-gradient(135deg,rgba(6,147,227,1) 0%,rgb(155,81,224) 100%)","background_repeat":"repeat","background_size":"auto","background_attachment":"scroll","patternColor":{"default":{"color":"#e5e7ea"}},"overlayColor":{"default":{"color":"CT_CSS_SKIP_RULE"}},"backgroundColor":{"default":{"color":"var(--theme-palette-color-8)"}}},"overlayColor":{"background_type":"color","background_pattern":"type-1","background_image":{"attachment_id":null,"x":0,"y":0},"gradient":"linear-gradient(135deg,rgba(6,147,227,1) 0%,rgb(155,81,224) 100%)","background_repeat":"repeat","background_size":"auto","background_attachment":"scroll","patternColor":{"default":{"color":"#e5e7ea"}},"overlayColor":{"default":{"color":"CT_CSS_SKIP_RULE"}},"backgroundColor":{"default":{"color":"var(--theme-palette-color-8)"}}},"backgroundColor":{"background_type":"color","background_pattern":"type-1","background_image":{"attachment_id":null,"x":0,"y":0},"gradient":"linear-gradient(135deg,rgba(6,147,227,1) 0%,rgb(155,81,224) 100%)","background_repeat":"repeat","background_size":"auto","background_attachment":"scroll","patternColor":{"default":{"color":"#e5e7ea"}},"overlayColor":{"default":{"color":"CT_CSS_SKIP_RULE"}},"backgroundColor":{"default":{"color":"var(--theme-palette-color-8)"}}},"desktop":{"background_type":"color","background_pattern":"type-1","background_image":{"attachment_id":null,"x":0,"y":0},"gradient":"linear-gradient(135deg,rgba(6,147,227,1) 0%,rgb(155,81,224) 100%)","background_repeat":"repeat","background_size":"auto","background_attachment":"scroll","patternColor":{"default":{"color":"#e5e7ea"}},"overlayColor":{"default":{"color":"CT_CSS_SKIP_RULE"}},"backgroundColor":{"default":{"color":"var(--theme-palette-color-8)"}}},"tablet":{"background_type":"color","background_pattern":"type-1","background_image":{"attachment_id":null,"x":0,"y":0},"gradient":"linear-gradient(135deg,rgba(6,147,227,1) 0%,rgb(155,81,224) 100%)","background_repeat":"repeat","background_size":"auto","background_attachment":"scroll","patternColor":{"default":{"color":"#e5e7ea"}},"overlayColor":{"default":{"color":"CT_CSS_SKIP_RULE"}},"backgroundColor":{"default":{"color":"var(--theme-palette-color-8)"}}},"mobile":{"background_type":"color","background_pattern":"type-1","background_image":{"attachment_id":null,"x":0,"y":0},"gradient":"linear-gradient(135deg,rgba(6,147,227,1) 0%,rgb(155,81,224) 100%)","background_repeat":"repeat","background_size":"auto","background_attachment":"scroll","patternColor":{"default":{"color":"#e5e7ea"}},"overlayColor":{"default":{"color":"CT_CSS_SKIP_RULE"}},"backgroundColor":{"default":{"color":"var(--theme-palette-color-8)"}}},"__changed":["mobile"]},"styles_descriptor":{"styles":{"desktop":"[data-prefix=\"single_page\"] {background-color:var(--theme-palette-color-8);background-image:none;} [data-prefix=\"single_page\"] [class*=\"ct-container\"] > article[class*=\"post\"] {--has-boxed:var(--false);--has-wide:var(--true);}","tablet":"","mobile":""},"google_fonts":[],"version":6},"content_style_source":"custom","content_style":{"desktop":"wide","tablet":"wide","mobile":"wide","__changed":["mobile"]},"vertical_spacing_source":"inherit","content_area_spacing":"both"},"yoast_head":"<!-- This site is optimized with the Yoast SEO plugin v27.5 - https:\/\/yoast.com\/product\/yoast-seo-wordpress\/ -->\n<title>Services | Lash Club LA<\/title>\n<meta name=\"robots\" content=\"index, follow, max-snippet:-1, max-image-preview:large, max-video-preview:-1\" \/>\n<link rel=\"canonical\" href=\"https:\/\/lashclubla.com\/es\/services\/\" \/>\n<meta property=\"og:locale\" content=\"es_MX\" \/>\n<meta property=\"og:type\" content=\"article\" \/>\n<meta property=\"og:title\" content=\"Services | Lash Club LA\" \/>\n<meta property=\"og:url\" content=\"https:\/\/lashclubla.com\/es\/services\/\" \/>\n<meta property=\"og:site_name\" content=\"Lash Club LA\" \/>\n<meta property=\"article:modified_time\" content=\"2025-01-06T21:40:23+00:00\" \/>\n<meta property=\"og:image\" content=\"https:\/\/lashclubla.com\/wp-content\/uploads\/2023\/05\/9990-scaled.jpeg\" \/>\n<meta name=\"twitter:card\" content=\"summary_large_image\" \/>\n<meta name=\"twitter:label1\" content=\"Tiempo de lectura\" \/>\n\t<meta name=\"twitter:data1\" content=\"4 minutos\" \/>\n<script type=\"application\/ld+json\" class=\"yoast-schema-graph\">{\"@context\":\"https:\\\/\\\/schema.org\",\"@graph\":[{\"@type\":\"WebPage\",\"@id\":\"https:\\\/\\\/lashclubla.com\\\/services\\\/\",\"url\":\"https:\\\/\\\/lashclubla.com\\\/services\\\/\",\"name\":\"Services | Lash Club LA\",\"isPartOf\":{\"@id\":\"https:\\\/\\\/lashclubla.com\\\/#website\"},\"primaryImageOfPage\":{\"@id\":\"https:\\\/\\\/lashclubla.com\\\/services\\\/#primaryimage\"},\"image\":{\"@id\":\"https:\\\/\\\/lashclubla.com\\\/services\\\/#primaryimage\"},\"thumbnailUrl\":\"https:\\\/\\\/lashclubla.com\\\/wp-content\\\/uploads\\\/2023\\\/05\\\/9990-scaled.jpeg\",\"datePublished\":\"2023-04-28T19:11:54+00:00\",\"dateModified\":\"2025-01-06T21:40:23+00:00\",\"breadcrumb\":{\"@id\":\"https:\\\/\\\/lashclubla.com\\\/services\\\/#breadcrumb\"},\"inLanguage\":\"es\",\"potentialAction\":[{\"@type\":\"ReadAction\",\"target\":[\"https:\\\/\\\/lashclubla.com\\\/services\\\/\"]}]},{\"@type\":\"ImageObject\",\"inLanguage\":\"es\",\"@id\":\"https:\\\/\\\/lashclubla.com\\\/services\\\/#primaryimage\",\"url\":\"https:\\\/\\\/lashclubla.com\\\/wp-content\\\/uploads\\\/2023\\\/05\\\/9990-scaled.jpeg\",\"contentUrl\":\"https:\\\/\\\/lashclubla.com\\\/wp-content\\\/uploads\\\/2023\\\/05\\\/9990-scaled.jpeg\"},{\"@type\":\"BreadcrumbList\",\"@id\":\"https:\\\/\\\/lashclubla.com\\\/services\\\/#breadcrumb\",\"itemListElement\":[{\"@type\":\"ListItem\",\"position\":1,\"name\":\"Home\",\"item\":\"https:\\\/\\\/lashclubla.com\\\/\"},{\"@type\":\"ListItem\",\"position\":2,\"name\":\"Services\"}]},{\"@type\":\"WebSite\",\"@id\":\"https:\\\/\\\/lashclubla.com\\\/#website\",\"url\":\"https:\\\/\\\/lashclubla.com\\\/\",\"name\":\"Lash Club LA\",\"description\":\"Lash Extensions | Lash Academy\",\"publisher\":{\"@id\":\"https:\\\/\\\/lashclubla.com\\\/#organization\"},\"potentialAction\":[{\"@type\":\"SearchAction\",\"target\":{\"@type\":\"EntryPoint\",\"urlTemplate\":\"https:\\\/\\\/lashclubla.com\\\/?s={search_term_string}\"},\"query-input\":{\"@type\":\"PropertyValueSpecification\",\"valueRequired\":true,\"valueName\":\"search_term_string\"}}],\"inLanguage\":\"es\"},{\"@type\":\"Organization\",\"@id\":\"https:\\\/\\\/lashclubla.com\\\/#organization\",\"name\":\"Lash Club LA\",\"alternateName\":\"LCLA\",\"url\":\"https:\\\/\\\/lashclubla.com\\\/\",\"logo\":{\"@type\":\"ImageObject\",\"inLanguage\":\"es\",\"@id\":\"https:\\\/\\\/lashclubla.com\\\/#\\\/schema\\\/logo\\\/image\\\/\",\"url\":\"https:\\\/\\\/lashclubla.com\\\/wp-content\\\/uploads\\\/2023\\\/05\\\/Lash-Club-LA-e1711049564789.png\",\"contentUrl\":\"https:\\\/\\\/lashclubla.com\\\/wp-content\\\/uploads\\\/2023\\\/05\\\/Lash-Club-LA-e1711049564789.png\",\"width\":310,\"height\":100,\"caption\":\"Lash Club LA\"},\"image\":{\"@id\":\"https:\\\/\\\/lashclubla.com\\\/#\\\/schema\\\/logo\\\/image\\\/\"},\"sameAs\":[\"https:\\\/\\\/www.instagram.com\\\/@lashclub_la\"]}]}<\/script>\n<!-- \/ Yoast SEO plugin. -->","yoast_head_json":{"title":"Services | Lash Club LA","robots":{"index":"index","follow":"follow","max-snippet":"max-snippet:-1","max-image-preview":"max-image-preview:large","max-video-preview":"max-video-preview:-1"},"canonical":"https:\/\/lashclubla.com\/es\/services\/","og_locale":"es_MX","og_type":"article","og_title":"Services | Lash Club LA","og_url":"https:\/\/lashclubla.com\/es\/services\/","og_site_name":"Lash Club LA","article_modified_time":"2025-01-06T21:40:23+00:00","og_image":[{"url":"https:\/\/lashclubla.com\/wp-content\/uploads\/2023\/05\/9990-scaled.jpeg","type":"","width":"","height":""}],"twitter_card":"summary_large_image","twitter_misc":{"Tiempo de lectura":"4 minutos"},"schema":{"@context":"https:\/\/schema.org","@graph":[{"@type":"WebPage","@id":"https:\/\/lashclubla.com\/services\/","url":"https:\/\/lashclubla.com\/services\/","name":"Services | Lash Club LA","isPartOf":{"@id":"https:\/\/lashclubla.com\/#website"},"primaryImageOfPage":{"@id":"https:\/\/lashclubla.com\/services\/#primaryimage"},"image":{"@id":"https:\/\/lashclubla.com\/services\/#primaryimage"},"thumbnailUrl":"https:\/\/lashclubla.com\/wp-content\/uploads\/2023\/05\/9990-scaled.jpeg","datePublished":"2023-04-28T19:11:54+00:00","dateModified":"2025-01-06T21:40:23+00:00","breadcrumb":{"@id":"https:\/\/lashclubla.com\/services\/#breadcrumb"},"inLanguage":"es","potentialAction":[{"@type":"ReadAction","target":["https:\/\/lashclubla.com\/services\/"]}]},{"@type":"ImageObject","inLanguage":"es","@id":"https:\/\/lashclubla.com\/services\/#primaryimage","url":"https:\/\/lashclubla.com\/wp-content\/uploads\/2023\/05\/9990-scaled.jpeg","contentUrl":"https:\/\/lashclubla.com\/wp-content\/uploads\/2023\/05\/9990-scaled.jpeg"},{"@type":"BreadcrumbList","@id":"https:\/\/lashclubla.com\/services\/#breadcrumb","itemListElement":[{"@type":"ListItem","position":1,"name":"Home","item":"https:\/\/lashclubla.com\/"},{"@type":"ListItem","position":2,"name":"Services"}]},{"@type":"WebSite","@id":"https:\/\/lashclubla.com\/#website","url":"https:\/\/lashclubla.com\/","name":"Lash Club LA","description":"Lash Extensions | Lash Academy","publisher":{"@id":"https:\/\/lashclubla.com\/#organization"},"potentialAction":[{"@type":"SearchAction","target":{"@type":"EntryPoint","urlTemplate":"https:\/\/lashclubla.com\/?s={search_term_string}"},"query-input":{"@type":"PropertyValueSpecification","valueRequired":true,"valueName":"search_term_string"}}],"inLanguage":"es"},{"@type":"Organization","@id":"https:\/\/lashclubla.com\/#organization","name":"Lash Club LA","alternateName":"LCLA","url":"https:\/\/lashclubla.com\/","logo":{"@type":"ImageObject","inLanguage":"es","@id":"https:\/\/lashclubla.com\/#\/schema\/logo\/image\/","url":"https:\/\/lashclubla.com\/wp-content\/uploads\/2023\/05\/Lash-Club-LA-e1711049564789.png","contentUrl":"https:\/\/lashclubla.com\/wp-content\/uploads\/2023\/05\/Lash-Club-LA-e1711049564789.png","width":310,"height":100,"caption":"Lash Club LA"},"image":{"@id":"https:\/\/lashclubla.com\/#\/schema\/logo\/image\/"},"sameAs":["https:\/\/www.instagram.com\/@lashclub_la"]}]}},"uagb_featured_image_src":{"full":false,"thumbnail":false,"medium":false,"medium_large":false,"large":false,"1536x1536":false,"2048x2048":false,"trp-custom-language-flag":false},"uagb_author_info":{"display_name":"lashclubla","author_link":"https:\/\/lashclubla.com\/es\/author\/lashclubla\/"},"uagb_comment_info":0,"uagb_excerpt":null,"_links":{"self":[{"href":"https:\/\/lashclubla.com\/es\/wp-json\/wp\/v2\/pages\/207","targetHints":{"allow":["GET"]}}],"collection":[{"href":"https:\/\/lashclubla.com\/es\/wp-json\/wp\/v2\/pages"}],"about":[{"href":"https:\/\/lashclubla.com\/es\/wp-json\/wp\/v2\/types\/page"}],"author":[{"embeddable":true,"href":"https:\/\/lashclubla.com\/es\/wp-json\/wp\/v2\/users\/1"}],"replies":[{"embeddable":true,"href":"https:\/\/lashclubla.com\/es\/wp-json\/wp\/v2\/comments?post=207"}],"version-history":[{"count":59,"href":"https:\/\/lashclubla.com\/es\/wp-json\/wp\/v2\/pages\/207\/revisions"}],"predecessor-version":[{"id":1468,"href":"https:\/\/lashclubla.com\/es\/wp-json\/wp\/v2\/pages\/207\/revisions\/1468"}],"wp:attachment":[{"href":"https:\/\/lashclubla.com\/es\/wp-json\/wp\/v2\/media?parent=207"}],"curies":[{"name":"wp","href":"https:\/\/api.w.org\/{rel}","templated":true}]}}