{"id":1011,"date":"2024-03-25T00:52:08","date_gmt":"2024-03-25T00:52:08","guid":{"rendered":"https:\/\/lashclubla.com\/?page_id=1011"},"modified":"2024-04-04T20:29:59","modified_gmt":"2024-04-04T20:29:59","slug":"skincare","status":"publish","type":"page","link":"https:\/\/lashclubla.com\/es\/services\/skincare\/","title":{"rendered":"Skincare"},"content":{"rendered":"<div style=\"height:25px\" aria-hidden=\"true\" class=\"wp-block-spacer\"><\/div>\n\n\n\n<div class=\"wp-block-coblocks-row coblocks-row-48121236687\" data-columns=\"1\" data-layout=\"100\"><div class=\"wp-block-coblocks-row__inner has-no-padding has-margin is-stacked-on-mobile has-medium-gutter\">\n<div class=\"wp-block-coblocks-column coblocks-column-48121242899 has-custom-font\" style=\"font-family:Oswald;width:100%\"><div class=\"wp-block-coblocks-column__inner has-palette-color-7-background-color has-background has-no-padding has-no-margin\">\n<h2 class=\"wp-block-heading alignwide has-text-align-center has-palette-color-7-background-color has-text-color has-background has-oswald-font-family has-custom-font has-custom-weight\" style=\"color:#555555;font-size:clamp(17.905px, 1.119rem + ((1vw - 3.2px) * 0.789), 28px);font-style:normal;font-weight:normal;text-transform:uppercase;font-family:Oswald\">SKINCARE<\/h2>\n<\/div><\/div>\n<\/div><\/div>\n\n\n\n<div class=\"wp-block-uagb-restaurant-menu uagb-block-b2117eb7 uagb-rm__desk-column-2 uagb-rm__tablet-column-2 uagb-rm__mobile-column-1\">\n<div class=\"wp-block-uagb-restaurant-menu-child uagb-rest_menu__wrap\"><div class=\"uagb-rm__content\"><img decoding=\"async\" class=\"\" src=\"https:\/\/lashclubla.com\/wp-content\/uploads\/2023\/05\/13.png\" alt=\"\" width=\"250\" height=\"250\" loading=\"lazy\"\/><div class=\"uagb-rm-details\"><h4 class=\"uagb-rm__title\">belleza fiebre facial <\/h4><div class=\"uagb-rm__desc\">Vapor de hierbas para abrir los poros y estimular <br>producci\u00f3n de col\u00e1geno Seguido por un <br>C\u00e1scara de enzimas de calabaza y una m\u00e1scara de hidrataci\u00f3n personalizada. <br>Rodillo fr\u00edo para maximizar la absorci\u00f3n.<\/div><\/div><span class=\"uagb-rm__price\">$110<\/span><\/div><div class=\"uagb-rm__separator\"><\/div><\/div>\n\n\n\n<div data-aos= \"fade\" data-aos-duration=\"400\" data-aos-delay=\"0\" data-aos-easing=\"ease\" data-aos-once=\"true\" class=\"wp-block-uagb-restaurant-menu-child uagb-rest_menu__wrap\"><div class=\"uagb-rm__content\"><img decoding=\"async\" class=\"\" src=\"https:\/\/lashclubla.com\/wp-content\/uploads\/2023\/05\/15.png\" alt=\"\" width=\"250\" height=\"250\" loading=\"lazy\"\/><div class=\"uagb-rm-details\"><h4 class=\"uagb-rm__title\">Alta frecuencia  <\/h4><div class=\"uagb-rm__desc\">Tratamiento antibacteriano para la piel. <br>cuando se aplica en el cuero cabelludo, puede estimular el crecimiento y la regeneraci\u00f3n de los fol\u00edculos pilosos.  <br>Se puede reservar como complemento facial o tratamiento individual <\/div><\/div><span class=\"uagb-rm__price\">$25<\/span><\/div><div class=\"uagb-rm__separator\"><\/div><\/div>\n\n\n\n<div class=\"wp-block-uagb-restaurant-menu-child uagb-rest_menu__wrap\"><div class=\"uagb-rm__content\"><img decoding=\"async\" class=\"\" src=\"https:\/\/lashclubla.com\/wp-content\/uploads\/2023\/05\/14.png\" alt=\"\" width=\"250\" height=\"250\" loading=\"lazy\"\/><div class=\"uagb-rm-details\"><h4 class=\"uagb-rm__title\">tratamiento ojos brillantes <\/h4><div class=\"uagb-rm__desc\">Tratamiento de ojos personalizado con m\u00e1scara para reducir la hinchaz\u00f3n, las l\u00edneas finas y refrescar e iluminar los ojos.<br>Se puede reservar como complemento facial o tratamiento individual <\/div><\/div><span class=\"uagb-rm__price\">$25<\/span><\/div><div class=\"uagb-rm__separator\"><\/div><\/div>\n\n\n\n<div class=\"wp-block-uagb-restaurant-menu-child uagb-rest_menu__wrap\"><div class=\"uagb-rm__content\"><img decoding=\"async\" class=\"\" src=\"https:\/\/lashclubla.com\/wp-content\/uploads\/2023\/05\/12.png\" alt=\"\" width=\"250\" height=\"250\" loading=\"lazy\"\/><div class=\"uagb-rm-details\"><h4 class=\"uagb-rm__title\">Masaje facial gua sha <\/h4><div class=\"uagb-rm__desc\">alivia la tensi\u00f3n muscular, reduce la hinchaz\u00f3n, aumenta la circulaci\u00f3n, estimula el drenaje linf\u00e1tico y suaviza la apariencia de las l\u00edneas finas.<br>Se puede reservar como complemento facial o tratamiento individual <\/div><\/div><span class=\"uagb-rm__price\">$50<\/span><\/div><div class=\"uagb-rm__separator\"><\/div><\/div>\n<\/div>\n\n\n\n<div class=\"wp-block-buttons alignwide is-content-justification-center is-layout-flex wp-container-core-buttons-is-layout-007a9c89 wp-block-buttons-is-layout-flex\">\n<div class=\"wp-block-button is-style-fill has-oswald-font-family coblocks-animate has-custom-font has-custom-weight\" style=\"font-family:Oswald;font-weight:normal;font-size:14px\" data-coblocks-animation=\"slideInLeft\"><a class=\"wp-block-button__link wp-element-button\" href=\"https:\/\/square.site\/appointments\/book\/H60Z8WVEAVVYG\/lash-club-la-los-angeles-ca\" target=\"_blank\" rel=\"noreferrer noopener\">BOOK aPPOINTMENT<\/a><\/div>\n<\/div>\n\n\n\n<div style=\"height:100px\" aria-hidden=\"true\" class=\"wp-block-spacer\"><\/div>","protected":false},"excerpt":{"rendered":"","protected":false},"author":1,"featured_media":0,"parent":207,"menu_order":0,"comment_status":"closed","ping_status":"closed","template":"","meta":{"_coblocks_attr":"","_coblocks_dimensions":"","_coblocks_responsive_height":"","_coblocks_accordion_ie_support":"","_uag_custom_page_level_css":"","footnotes":""},"class_list":["post-1011","page","type-page","status-publish","hentry"],"blocksy_meta":[],"yoast_head":"<!-- This site is optimized with the Yoast SEO plugin v27.5 - https:\/\/yoast.com\/product\/yoast-seo-wordpress\/ -->\n<title>Skincare | Lash Club LA<\/title>\n<meta name=\"robots\" content=\"index, follow, max-snippet:-1, max-image-preview:large, max-video-preview:-1\" \/>\n<link rel=\"canonical\" href=\"https:\/\/lashclubla.com\/es\/services\/skincare\/\" \/>\n<meta property=\"og:locale\" content=\"es_MX\" \/>\n<meta property=\"og:type\" content=\"article\" \/>\n<meta property=\"og:title\" content=\"Skincare | Lash Club LA\" \/>\n<meta property=\"og:url\" content=\"https:\/\/lashclubla.com\/es\/services\/skincare\/\" \/>\n<meta property=\"og:site_name\" content=\"Lash Club LA\" \/>\n<meta property=\"article:modified_time\" content=\"2024-04-04T20:29:59+00:00\" \/>\n<meta property=\"og:image\" content=\"https:\/\/lashclubla.com\/wp-content\/uploads\/2023\/05\/13.png\" \/>\n<meta name=\"twitter:card\" content=\"summary_large_image\" \/>\n<meta name=\"twitter:label1\" content=\"Tiempo de lectura\" \/>\n\t<meta name=\"twitter:data1\" content=\"2 minutos\" \/>\n<script type=\"application\/ld+json\" class=\"yoast-schema-graph\">{\"@context\":\"https:\\\/\\\/schema.org\",\"@graph\":[{\"@type\":\"WebPage\",\"@id\":\"https:\\\/\\\/lashclubla.com\\\/services\\\/skincare\\\/\",\"url\":\"https:\\\/\\\/lashclubla.com\\\/services\\\/skincare\\\/\",\"name\":\"Skincare | Lash Club LA\",\"isPartOf\":{\"@id\":\"https:\\\/\\\/lashclubla.com\\\/#website\"},\"primaryImageOfPage\":{\"@id\":\"https:\\\/\\\/lashclubla.com\\\/services\\\/skincare\\\/#primaryimage\"},\"image\":{\"@id\":\"https:\\\/\\\/lashclubla.com\\\/services\\\/skincare\\\/#primaryimage\"},\"thumbnailUrl\":\"https:\\\/\\\/lashclubla.com\\\/wp-content\\\/uploads\\\/2023\\\/05\\\/13.png\",\"datePublished\":\"2024-03-25T00:52:08+00:00\",\"dateModified\":\"2024-04-04T20:29:59+00:00\",\"breadcrumb\":{\"@id\":\"https:\\\/\\\/lashclubla.com\\\/services\\\/skincare\\\/#breadcrumb\"},\"inLanguage\":\"es\",\"potentialAction\":[{\"@type\":\"ReadAction\",\"target\":[\"https:\\\/\\\/lashclubla.com\\\/services\\\/skincare\\\/\"]}]},{\"@type\":\"ImageObject\",\"inLanguage\":\"es\",\"@id\":\"https:\\\/\\\/lashclubla.com\\\/services\\\/skincare\\\/#primaryimage\",\"url\":\"https:\\\/\\\/lashclubla.com\\\/wp-content\\\/uploads\\\/2023\\\/05\\\/13.png\",\"contentUrl\":\"https:\\\/\\\/lashclubla.com\\\/wp-content\\\/uploads\\\/2023\\\/05\\\/13.png\"},{\"@type\":\"BreadcrumbList\",\"@id\":\"https:\\\/\\\/lashclubla.com\\\/services\\\/skincare\\\/#breadcrumb\",\"itemListElement\":[{\"@type\":\"ListItem\",\"position\":1,\"name\":\"Home\",\"item\":\"https:\\\/\\\/lashclubla.com\\\/\"},{\"@type\":\"ListItem\",\"position\":2,\"name\":\"Services\",\"item\":\"https:\\\/\\\/lashclubla.com\\\/services\\\/\"},{\"@type\":\"ListItem\",\"position\":3,\"name\":\"Skincare\"}]},{\"@type\":\"WebSite\",\"@id\":\"https:\\\/\\\/lashclubla.com\\\/#website\",\"url\":\"https:\\\/\\\/lashclubla.com\\\/\",\"name\":\"Lash Club LA\",\"description\":\"Lash Extensions | Lash Academy\",\"publisher\":{\"@id\":\"https:\\\/\\\/lashclubla.com\\\/#organization\"},\"potentialAction\":[{\"@type\":\"SearchAction\",\"target\":{\"@type\":\"EntryPoint\",\"urlTemplate\":\"https:\\\/\\\/lashclubla.com\\\/?s={search_term_string}\"},\"query-input\":{\"@type\":\"PropertyValueSpecification\",\"valueRequired\":true,\"valueName\":\"search_term_string\"}}],\"inLanguage\":\"es\"},{\"@type\":\"Organization\",\"@id\":\"https:\\\/\\\/lashclubla.com\\\/#organization\",\"name\":\"Lash Club LA\",\"alternateName\":\"LCLA\",\"url\":\"https:\\\/\\\/lashclubla.com\\\/\",\"logo\":{\"@type\":\"ImageObject\",\"inLanguage\":\"es\",\"@id\":\"https:\\\/\\\/lashclubla.com\\\/#\\\/schema\\\/logo\\\/image\\\/\",\"url\":\"https:\\\/\\\/lashclubla.com\\\/wp-content\\\/uploads\\\/2023\\\/05\\\/Lash-Club-LA-e1711049564789.png\",\"contentUrl\":\"https:\\\/\\\/lashclubla.com\\\/wp-content\\\/uploads\\\/2023\\\/05\\\/Lash-Club-LA-e1711049564789.png\",\"width\":310,\"height\":100,\"caption\":\"Lash Club LA\"},\"image\":{\"@id\":\"https:\\\/\\\/lashclubla.com\\\/#\\\/schema\\\/logo\\\/image\\\/\"},\"sameAs\":[\"https:\\\/\\\/www.instagram.com\\\/@lashclub_la\"]}]}<\/script>\n<!-- \/ Yoast SEO plugin. -->","yoast_head_json":{"title":"Skincare | Lash Club LA","robots":{"index":"index","follow":"follow","max-snippet":"max-snippet:-1","max-image-preview":"max-image-preview:large","max-video-preview":"max-video-preview:-1"},"canonical":"https:\/\/lashclubla.com\/es\/services\/skincare\/","og_locale":"es_MX","og_type":"article","og_title":"Skincare | Lash Club LA","og_url":"https:\/\/lashclubla.com\/es\/services\/skincare\/","og_site_name":"Lash Club LA","article_modified_time":"2024-04-04T20:29:59+00:00","og_image":[{"url":"https:\/\/lashclubla.com\/wp-content\/uploads\/2023\/05\/13.png","type":"","width":"","height":""}],"twitter_card":"summary_large_image","twitter_misc":{"Tiempo de lectura":"2 minutos"},"schema":{"@context":"https:\/\/schema.org","@graph":[{"@type":"WebPage","@id":"https:\/\/lashclubla.com\/services\/skincare\/","url":"https:\/\/lashclubla.com\/services\/skincare\/","name":"Skincare | Lash Club LA","isPartOf":{"@id":"https:\/\/lashclubla.com\/#website"},"primaryImageOfPage":{"@id":"https:\/\/lashclubla.com\/services\/skincare\/#primaryimage"},"image":{"@id":"https:\/\/lashclubla.com\/services\/skincare\/#primaryimage"},"thumbnailUrl":"https:\/\/lashclubla.com\/wp-content\/uploads\/2023\/05\/13.png","datePublished":"2024-03-25T00:52:08+00:00","dateModified":"2024-04-04T20:29:59+00:00","breadcrumb":{"@id":"https:\/\/lashclubla.com\/services\/skincare\/#breadcrumb"},"inLanguage":"es","potentialAction":[{"@type":"ReadAction","target":["https:\/\/lashclubla.com\/services\/skincare\/"]}]},{"@type":"ImageObject","inLanguage":"es","@id":"https:\/\/lashclubla.com\/services\/skincare\/#primaryimage","url":"https:\/\/lashclubla.com\/wp-content\/uploads\/2023\/05\/13.png","contentUrl":"https:\/\/lashclubla.com\/wp-content\/uploads\/2023\/05\/13.png"},{"@type":"BreadcrumbList","@id":"https:\/\/lashclubla.com\/services\/skincare\/#breadcrumb","itemListElement":[{"@type":"ListItem","position":1,"name":"Home","item":"https:\/\/lashclubla.com\/"},{"@type":"ListItem","position":2,"name":"Services","item":"https:\/\/lashclubla.com\/services\/"},{"@type":"ListItem","position":3,"name":"Skincare"}]},{"@type":"WebSite","@id":"https:\/\/lashclubla.com\/#website","url":"https:\/\/lashclubla.com\/","name":"Lash Club LA","description":"Lash Extensions | Lash Academy","publisher":{"@id":"https:\/\/lashclubla.com\/#organization"},"potentialAction":[{"@type":"SearchAction","target":{"@type":"EntryPoint","urlTemplate":"https:\/\/lashclubla.com\/?s={search_term_string}"},"query-input":{"@type":"PropertyValueSpecification","valueRequired":true,"valueName":"search_term_string"}}],"inLanguage":"es"},{"@type":"Organization","@id":"https:\/\/lashclubla.com\/#organization","name":"Lash Club LA","alternateName":"LCLA","url":"https:\/\/lashclubla.com\/","logo":{"@type":"ImageObject","inLanguage":"es","@id":"https:\/\/lashclubla.com\/#\/schema\/logo\/image\/","url":"https:\/\/lashclubla.com\/wp-content\/uploads\/2023\/05\/Lash-Club-LA-e1711049564789.png","contentUrl":"https:\/\/lashclubla.com\/wp-content\/uploads\/2023\/05\/Lash-Club-LA-e1711049564789.png","width":310,"height":100,"caption":"Lash Club LA"},"image":{"@id":"https:\/\/lashclubla.com\/#\/schema\/logo\/image\/"},"sameAs":["https:\/\/www.instagram.com\/@lashclub_la"]}]}},"uagb_featured_image_src":{"full":false,"thumbnail":false,"medium":false,"medium_large":false,"large":false,"1536x1536":false,"2048x2048":false,"trp-custom-language-flag":false},"uagb_author_info":{"display_name":"lashclubla","author_link":"https:\/\/lashclubla.com\/es\/author\/lashclubla\/"},"uagb_comment_info":0,"uagb_excerpt":null,"_links":{"self":[{"href":"https:\/\/lashclubla.com\/es\/wp-json\/wp\/v2\/pages\/1011","targetHints":{"allow":["GET"]}}],"collection":[{"href":"https:\/\/lashclubla.com\/es\/wp-json\/wp\/v2\/pages"}],"about":[{"href":"https:\/\/lashclubla.com\/es\/wp-json\/wp\/v2\/types\/page"}],"author":[{"embeddable":true,"href":"https:\/\/lashclubla.com\/es\/wp-json\/wp\/v2\/users\/1"}],"replies":[{"embeddable":true,"href":"https:\/\/lashclubla.com\/es\/wp-json\/wp\/v2\/comments?post=1011"}],"version-history":[{"count":10,"href":"https:\/\/lashclubla.com\/es\/wp-json\/wp\/v2\/pages\/1011\/revisions"}],"predecessor-version":[{"id":1236,"href":"https:\/\/lashclubla.com\/es\/wp-json\/wp\/v2\/pages\/1011\/revisions\/1236"}],"up":[{"embeddable":true,"href":"https:\/\/lashclubla.com\/es\/wp-json\/wp\/v2\/pages\/207"}],"wp:attachment":[{"href":"https:\/\/lashclubla.com\/es\/wp-json\/wp\/v2\/media?parent=1011"}],"curies":[{"name":"wp","href":"https:\/\/api.w.org\/{rel}","templated":true}]}}